{"id":966,"date":"2021-04-21T00:05:19","date_gmt":"2021-04-21T00:05:19","guid":{"rendered":"https:\/\/cm-comercioyrepresentaciones.com\/?page_id=966"},"modified":"2021-05-17T22:41:03","modified_gmt":"2021-05-17T22:41:03","slug":"mostaza","status":"publish","type":"page","link":"https:\/\/cm-comercioyrepresentaciones.com\/en\/mostaza\/","title":{"rendered":"Mostaza"},"content":{"rendered":"<div class=\"wp-block-image\"><figure class=\"aligncenter size-large is-resized\"><img loading=\"lazy\" decoding=\"async\" src=\"https:\/\/cm-comercioyrepresentaciones.com\/wp-content\/uploads\/2021\/04\/image-53.png\" alt=\"\" class=\"wp-image-967\" width=\"494\" height=\"494\" srcset=\"https:\/\/cm-comercioyrepresentaciones.com\/wp-content\/uploads\/2021\/04\/image-53.png 764w, https:\/\/cm-comercioyrepresentaciones.com\/wp-content\/uploads\/2021\/04\/image-53-300x300.png 300w, https:\/\/cm-comercioyrepresentaciones.com\/wp-content\/uploads\/2021\/04\/image-53-150x150.png 150w\" sizes=\"auto, (max-width: 494px) 100vw, 494px\" \/><\/figure><\/div>\n\n\n\n<p><\/p>\n\n\n\n<h1 class=\"has-text-align-center has-vivid-cyan-blue-color has-text-color wp-block-heading\">Properties<\/h1>\n\n\n\n<ul class=\"has-vivid-cyan-blue-color has-text-color wp-block-list\"><li>It is believed that mustard has anti-cancer properties and that its consumption can calm stomach pains and relieve constipation.<\/li><li>Cure respiratory tract conditions, such as: asthma, bronchitis and nasal congestion<\/li><li>Soothe colic and other pain caused by the menstrual period<\/li><li>Can treat high blood pressure<\/li><\/ul>\n\n\n\n<hr class=\"wp-block-separator is-style-wide\"\/>\n\n\n\n<h1 class=\"has-text-align-center has-vivid-cyan-blue-color has-text-color wp-block-heading\">Recipes<\/h1>\n\n\n\n<h2 class=\"has-text-align-center has-vivid-cyan-blue-color has-text-color wp-block-heading\">Mustard poultice for joint and muscle pain<\/h2>\n\n\n\n<h3 class=\"has-vivid-cyan-blue-color has-text-color wp-block-heading\">Ingredients<\/h3>\n\n\n\n<ul class=\"has-vivid-cyan-blue-color has-text-color wp-block-list\"><li>40 g ElEden mustard grain<\/li><li>1 liter of water<\/li><li>1 cloth or cloth bandage<\/li><\/ul>\n\n\n\n<h3 class=\"has-vivid-cyan-blue-color has-text-color wp-block-heading\">Preparation<\/h3>\n\n\n\n<ul class=\"has-vivid-cyan-blue-color has-text-color wp-block-list\"><li>Put the mustard grains in a mortar and grind them all until you get a kind of flour<\/li><li>Poner el agua en un taz\u00f3n y calentar <\/li><li>When the water boils, add the mustard flour.<\/li><li>Let boil for 5 to 10 minutes<\/li><li>After this time put out the fire <\/li><li>Let cool <\/li><li>Wrap the paste in the bandage or cloth and apply to the area where you have pain<\/li><li>Leave on for 15 to 20 minutes<\/li><\/ul>\n\n\n\n<hr class=\"wp-block-separator is-style-wide\"\/>\n\n\n\n<div class=\"wp-block-image\"><figure class=\"aligncenter size-large\"><img loading=\"lazy\" decoding=\"async\" width=\"618\" height=\"522\" src=\"https:\/\/cm-comercioyrepresentaciones.com\/wp-content\/uploads\/2021\/04\/image-54.png\" alt=\"\" class=\"wp-image-968\" srcset=\"https:\/\/cm-comercioyrepresentaciones.com\/wp-content\/uploads\/2021\/04\/image-54.png 618w, https:\/\/cm-comercioyrepresentaciones.com\/wp-content\/uploads\/2021\/04\/image-54-300x253.png 300w\" sizes=\"auto, (max-width: 618px) 100vw, 618px\" \/><\/figure><\/div>\n\n\n\n<hr class=\"wp-block-separator is-style-wide\"\/>\n\n\n\n<p><\/p>","protected":false},"excerpt":{"rendered":"<p>Propiedades Se cree que la mostaza tiene propiedades anticancer\u00edgenas y que su consumo puede calmas los dolores estomacales y aliviar el estre\u00f1imiento Curar afecciones de las v\u00edas respiratorias, tales como: asma, bronquitis y congesti\u00f3n nasal Calmar los c\u00f3licos y otros dolores provocados por el periodo menstrual Puede tratar la hipertensi\u00f3n arterial Recetas Cataplasma de Mostaza [&hellip;]<\/p>","protected":false},"author":1,"featured_media":0,"parent":0,"menu_order":0,"comment_status":"closed","ping_status":"closed","template":"","meta":{"footnotes":""},"class_list":["post-966","page","type-page","status-publish","hentry"],"_links":{"self":[{"href":"https:\/\/cm-comercioyrepresentaciones.com\/en\/wp-json\/wp\/v2\/pages\/966","targetHints":{"allow":["GET"]}}],"collection":[{"href":"https:\/\/cm-comercioyrepresentaciones.com\/en\/wp-json\/wp\/v2\/pages"}],"about":[{"href":"https:\/\/cm-comercioyrepresentaciones.com\/en\/wp-json\/wp\/v2\/types\/page"}],"author":[{"embeddable":true,"href":"https:\/\/cm-comercioyrepresentaciones.com\/en\/wp-json\/wp\/v2\/users\/1"}],"replies":[{"embeddable":true,"href":"https:\/\/cm-comercioyrepresentaciones.com\/en\/wp-json\/wp\/v2\/comments?post=966"}],"version-history":[{"count":6,"href":"https:\/\/cm-comercioyrepresentaciones.com\/en\/wp-json\/wp\/v2\/pages\/966\/revisions"}],"predecessor-version":[{"id":1571,"href":"https:\/\/cm-comercioyrepresentaciones.com\/en\/wp-json\/wp\/v2\/pages\/966\/revisions\/1571"}],"wp:attachment":[{"href":"https:\/\/cm-comercioyrepresentaciones.com\/en\/wp-json\/wp\/v2\/media?parent=966"}],"curies":[{"name":"wp","href":"https:\/\/api.w.org\/{rel}","templated":true}]}}