{"id":943,"date":"2021-04-19T23:36:45","date_gmt":"2021-04-19T23:36:45","guid":{"rendered":"https:\/\/cm-comercioyrepresentaciones.com\/?page_id=943"},"modified":"2021-05-31T21:48:05","modified_gmt":"2021-05-31T21:48:05","slug":"hinojo","status":"publish","type":"page","link":"https:\/\/cm-comercioyrepresentaciones.com\/en\/hinojo\/","title":{"rendered":"Hinojo"},"content":{"rendered":"<div class=\"wp-block-image\"><figure class=\"aligncenter size-large is-resized\"><img decoding=\"async\" src=\"https:\/\/cm-comercioyrepresentaciones.com\/wp-content\/uploads\/2021\/04\/hinojo-1024x576.jpg\" alt=\"\" class=\"wp-image-944\" width=\"-22\" height=\"-12\" srcset=\"https:\/\/cm-comercioyrepresentaciones.com\/wp-content\/uploads\/2021\/04\/hinojo-1024x576.jpg 1024w, https:\/\/cm-comercioyrepresentaciones.com\/wp-content\/uploads\/2021\/04\/hinojo-300x169.jpg 300w, https:\/\/cm-comercioyrepresentaciones.com\/wp-content\/uploads\/2021\/04\/hinojo-768x432.jpg 768w, https:\/\/cm-comercioyrepresentaciones.com\/wp-content\/uploads\/2021\/04\/hinojo.jpg 1280w\" sizes=\"(max-width: 1024px) 100vw, 1024px\" \/><\/figure><\/div>\n\n\n\n<p><\/p>\n\n\n\n<h1 class=\"has-text-align-center has-vivid-cyan-blue-color has-text-color wp-block-heading\">Properties<\/h1>\n\n\n\n<ul class=\"has-vivid-cyan-blue-color has-text-color wp-block-list\"><li>It is used as a mild expectorant, anti-inflammatory, circulation stimulant and relieves colic.<\/li><li>The function is to smooth poor digestion, reduce alterations in the reproductive system and stimulate milk during lactation.<\/li><li>Its greatest use is through infusions in doses of 30g for each liter of water distributed in 3 doses a day.<\/li><\/ul>\n\n\n\n<hr class=\"wp-block-separator is-style-wide\"\/>\n\n\n\n<h1 class=\"has-text-align-center has-vivid-cyan-blue-color has-text-color wp-block-heading\">Recipes<\/h1>\n\n\n\n<h2 class=\"has-text-align-center has-vivid-cyan-blue-color has-text-color wp-block-heading\">Fennel Infusion<\/h2>\n\n\n\n<h3 class=\"has-text-align-left has-vivid-cyan-blue-color has-text-color wp-block-heading\">Ingredients<\/h3>\n\n\n\n<ul class=\"has-vivid-cyan-blue-color has-text-color wp-block-list\"><li>Fennel The Eden<\/li><li>1 cup of water<\/li><\/ul>\n\n\n\n<h3 class=\"has-text-align-left has-vivid-cyan-blue-color has-text-color wp-block-heading\">Preparation<\/h3>\n\n\n\n<ul class=\"has-vivid-cyan-blue-color has-text-color wp-block-list\"><li>Grind the seeds of Fennel El Eden<\/li><li>Prepare to infuse 2 teaspoons per cup<\/li><li>Let rest for 5 minutes before taking it<\/li><\/ul>\n\n\n\n<hr class=\"wp-block-separator is-style-wide\"\/>","protected":false},"excerpt":{"rendered":"<p>Propiedades Se emplea como expectorante suave, antiinflamatorio, estimulante de la circulaci\u00f3n y alivia c\u00f3licos La funci\u00f3n es suavizar la mala digesti\u00f3n, reduce alteraciones en el aparato reproductor y estimula leche durante la lactancia Su mayor uso es por medio de infusiones en dosis de 30g por cada litro de agua distribuido en 3 tomas al [&hellip;]<\/p>","protected":false},"author":1,"featured_media":0,"parent":0,"menu_order":0,"comment_status":"closed","ping_status":"closed","template":"","meta":{"footnotes":""},"class_list":["post-943","page","type-page","status-publish","hentry"],"_links":{"self":[{"href":"https:\/\/cm-comercioyrepresentaciones.com\/en\/wp-json\/wp\/v2\/pages\/943","targetHints":{"allow":["GET"]}}],"collection":[{"href":"https:\/\/cm-comercioyrepresentaciones.com\/en\/wp-json\/wp\/v2\/pages"}],"about":[{"href":"https:\/\/cm-comercioyrepresentaciones.com\/en\/wp-json\/wp\/v2\/types\/page"}],"author":[{"embeddable":true,"href":"https:\/\/cm-comercioyrepresentaciones.com\/en\/wp-json\/wp\/v2\/users\/1"}],"replies":[{"embeddable":true,"href":"https:\/\/cm-comercioyrepresentaciones.com\/en\/wp-json\/wp\/v2\/comments?post=943"}],"version-history":[{"count":6,"href":"https:\/\/cm-comercioyrepresentaciones.com\/en\/wp-json\/wp\/v2\/pages\/943\/revisions"}],"predecessor-version":[{"id":1605,"href":"https:\/\/cm-comercioyrepresentaciones.com\/en\/wp-json\/wp\/v2\/pages\/943\/revisions\/1605"}],"wp:attachment":[{"href":"https:\/\/cm-comercioyrepresentaciones.com\/en\/wp-json\/wp\/v2\/media?parent=943"}],"curies":[{"name":"wp","href":"https:\/\/api.w.org\/{rel}","templated":true}]}}