{"id":920,"date":"2021-04-19T22:54:36","date_gmt":"2021-04-19T22:54:36","guid":{"rendered":"https:\/\/cm-comercioyrepresentaciones.com\/?page_id=920"},"modified":"2021-05-10T22:29:41","modified_gmt":"2021-05-10T22:29:41","slug":"fenogreco","status":"publish","type":"page","link":"https:\/\/cm-comercioyrepresentaciones.com\/en\/fenogreco\/","title":{"rendered":"Fenogreco"},"content":{"rendered":"<div class=\"wp-block-image\"><figure class=\"aligncenter size-large is-resized\"><img loading=\"lazy\" decoding=\"async\" src=\"https:\/\/cm-comercioyrepresentaciones.com\/wp-content\/uploads\/2021\/04\/fenogreco.jpg\" alt=\"\" class=\"wp-image-921\" width=\"561\" height=\"522\" srcset=\"https:\/\/cm-comercioyrepresentaciones.com\/wp-content\/uploads\/2021\/04\/fenogreco.jpg 766w, https:\/\/cm-comercioyrepresentaciones.com\/wp-content\/uploads\/2021\/04\/fenogreco-300x279.jpg 300w\" sizes=\"auto, (max-width: 561px) 100vw, 561px\" \/><\/figure><\/div>\n\n\n\n<p class=\"has-white-color has-text-color\">qq<\/p>\n\n\n\n<h1 class=\"has-text-align-center has-vivid-cyan-blue-color has-text-color wp-block-heading\">Properties<\/h1>\n\n\n\n<ul class=\"has-vivid-cyan-blue-color has-text-color wp-block-list\"><li>It is recommended for anemia and some infections<\/li><li>It is invigorating since it is very rich in minerals such as: iron, sulfur and vitamins<\/li><li>Ideal for treating blood diseases, fever, palpitations and liver and kidney diseases and vision problems<\/li><li>Consumption is effective for diabetics as it is a replacement treatment for hypoglycemic agents (pills).<\/li><li>Hypocholesterol properties (reduces blood cholesterol) because they interact with billiard salts<\/li><li>High protein content, contribution of soluble and insoluble fiber (helps digestion)<\/li><li>It is given hepatoprotective properties (protects the liver), with anti-inflammatory, antipyretic (reduces fever) and antioxidant effects<\/li><li>Recommended as complementary treatment in obesity diets<\/li><li>During lactation in case the amount of milk is insufficient<\/li><li>It is used in the treatment of oral inflammation (tonsils and larynx) <\/li><\/ul>\n\n\n\n<hr class=\"wp-block-separator is-style-wide\"\/>\n\n\n\n<h2 class=\"has-text-align-center has-vivid-cyan-blue-color has-text-color wp-block-heading\">Recipes<\/h2>\n\n\n\n<div class=\"wp-block-image\"><figure class=\"aligncenter size-large is-resized\"><img loading=\"lazy\" decoding=\"async\" src=\"https:\/\/cm-comercioyrepresentaciones.com\/wp-content\/uploads\/2021\/04\/image-31.png\" alt=\"\" class=\"wp-image-924\" width=\"716\" height=\"602\" srcset=\"https:\/\/cm-comercioyrepresentaciones.com\/wp-content\/uploads\/2021\/04\/image-31.png 615w, https:\/\/cm-comercioyrepresentaciones.com\/wp-content\/uploads\/2021\/04\/image-31-300x252.png 300w\" sizes=\"auto, (max-width: 716px) 100vw, 716px\" \/><\/figure><\/div>\n\n\n\n<hr class=\"wp-block-separator is-style-wide\"\/>\n\n\n\n<div class=\"wp-block-image\"><figure class=\"aligncenter size-large\"><img loading=\"lazy\" decoding=\"async\" width=\"613\" height=\"487\" src=\"https:\/\/cm-comercioyrepresentaciones.com\/wp-content\/uploads\/2021\/04\/image-32.png\" alt=\"\" class=\"wp-image-925\" srcset=\"https:\/\/cm-comercioyrepresentaciones.com\/wp-content\/uploads\/2021\/04\/image-32.png 613w, https:\/\/cm-comercioyrepresentaciones.com\/wp-content\/uploads\/2021\/04\/image-32-300x238.png 300w\" sizes=\"auto, (max-width: 613px) 100vw, 613px\" \/><\/figure><\/div>\n\n\n\n<hr class=\"wp-block-separator is-style-wide\"\/>","protected":false},"excerpt":{"rendered":"<p>qq Propiedades Se recomienda para la anemia y para algunas infecciones Es tonificante ya que es muy rico en minerales como: hierro, azufre y vitaminas Ideal para tratar enfermedades en sangre, fiebre palpitaciones y enfermedades de h\u00edgado, ri\u00f1\u00f3n y problemas de vista El consumo es eficaz para personas diab\u00e9ticas ya que es un tratamiento sustitutivo [&hellip;]<\/p>","protected":false},"author":1,"featured_media":0,"parent":0,"menu_order":0,"comment_status":"closed","ping_status":"closed","template":"","meta":{"footnotes":""},"class_list":["post-920","page","type-page","status-publish","hentry"],"_links":{"self":[{"href":"https:\/\/cm-comercioyrepresentaciones.com\/en\/wp-json\/wp\/v2\/pages\/920","targetHints":{"allow":["GET"]}}],"collection":[{"href":"https:\/\/cm-comercioyrepresentaciones.com\/en\/wp-json\/wp\/v2\/pages"}],"about":[{"href":"https:\/\/cm-comercioyrepresentaciones.com\/en\/wp-json\/wp\/v2\/types\/page"}],"author":[{"embeddable":true,"href":"https:\/\/cm-comercioyrepresentaciones.com\/en\/wp-json\/wp\/v2\/users\/1"}],"replies":[{"embeddable":true,"href":"https:\/\/cm-comercioyrepresentaciones.com\/en\/wp-json\/wp\/v2\/comments?post=920"}],"version-history":[{"count":8,"href":"https:\/\/cm-comercioyrepresentaciones.com\/en\/wp-json\/wp\/v2\/pages\/920\/revisions"}],"predecessor-version":[{"id":1329,"href":"https:\/\/cm-comercioyrepresentaciones.com\/en\/wp-json\/wp\/v2\/pages\/920\/revisions\/1329"}],"wp:attachment":[{"href":"https:\/\/cm-comercioyrepresentaciones.com\/en\/wp-json\/wp\/v2\/media?parent=920"}],"curies":[{"name":"wp","href":"https:\/\/api.w.org\/{rel}","templated":true}]}}