{"id":877,"date":"2021-04-12T21:05:01","date_gmt":"2021-04-12T21:05:01","guid":{"rendered":"https:\/\/cm-comercioyrepresentaciones.com\/?page_id=877"},"modified":"2021-05-10T22:16:27","modified_gmt":"2021-05-10T22:16:27","slug":"brocolicm","status":"publish","type":"page","link":"https:\/\/cm-comercioyrepresentaciones.com\/en\/brocolicm\/","title":{"rendered":"Brocoli"},"content":{"rendered":"<div class=\"wp-block-image\"><figure class=\"aligncenter size-large is-resized\"><img loading=\"lazy\" decoding=\"async\" src=\"https:\/\/cm-comercioyrepresentaciones.com\/wp-content\/uploads\/2021\/04\/brocoli.jpg\" alt=\"\" class=\"wp-image-878\" width=\"533\" height=\"525\" srcset=\"https:\/\/cm-comercioyrepresentaciones.com\/wp-content\/uploads\/2021\/04\/brocoli.jpg 778w, https:\/\/cm-comercioyrepresentaciones.com\/wp-content\/uploads\/2021\/04\/brocoli-300x296.jpg 300w, https:\/\/cm-comercioyrepresentaciones.com\/wp-content\/uploads\/2021\/04\/brocoli-768x758.jpg 768w\" sizes=\"auto, (max-width: 533px) 100vw, 533px\" \/><\/figure><\/div>\n\n\n\n<p class=\"has-white-color has-text-color\">q<\/p>\n\n\n\n<h1 class=\"has-text-align-center has-vivid-cyan-blue-color has-text-color wp-block-heading\">Properties<\/h1>\n\n\n\n<ul class=\"has-vivid-cyan-blue-color has-text-color wp-block-list\"><li>Broccoli sprouts provide 15% of the recommended daily amounts of vitamin C, 4% dietary fiber and 2% Calcium to human nutrition.<\/li><li>The antioxidant properties of these sprouts will reduce the risk of suffering from respiratory conditions such as: asthma<\/li><li>Protects the stomach from infections and the development of anticancer cells<\/li><li>Broccoli sprouts increase their sulforaphane content, a phytochemical considered very efficient in the fight against free radicals.<\/li><\/ul>\n\n\n\n<hr class=\"wp-block-separator\"\/>\n\n\n\n<p><\/p>","protected":false},"excerpt":{"rendered":"<p>q Propiedades Los brotes de br\u00f3coli aportan a la alimentaci\u00f3n humana el 15% de las cantidades recomendadas por d\u00eda de vitamina C, 4% de fibra diet\u00e9tica y 2% de Calcio Las propiedades antioxidantes de estos brotes permitir\u00e1n reducir el riesgo de sufrir afecciones respiratorias como: asma Protege el estomago de infecciones y desarrollo de c\u00e9lulas [&hellip;]<\/p>","protected":false},"author":1,"featured_media":0,"parent":0,"menu_order":0,"comment_status":"closed","ping_status":"closed","template":"","meta":{"footnotes":""},"class_list":["post-877","page","type-page","status-publish","hentry"],"_links":{"self":[{"href":"https:\/\/cm-comercioyrepresentaciones.com\/en\/wp-json\/wp\/v2\/pages\/877","targetHints":{"allow":["GET"]}}],"collection":[{"href":"https:\/\/cm-comercioyrepresentaciones.com\/en\/wp-json\/wp\/v2\/pages"}],"about":[{"href":"https:\/\/cm-comercioyrepresentaciones.com\/en\/wp-json\/wp\/v2\/types\/page"}],"author":[{"embeddable":true,"href":"https:\/\/cm-comercioyrepresentaciones.com\/en\/wp-json\/wp\/v2\/users\/1"}],"replies":[{"embeddable":true,"href":"https:\/\/cm-comercioyrepresentaciones.com\/en\/wp-json\/wp\/v2\/comments?post=877"}],"version-history":[{"count":10,"href":"https:\/\/cm-comercioyrepresentaciones.com\/en\/wp-json\/wp\/v2\/pages\/877\/revisions"}],"predecessor-version":[{"id":1316,"href":"https:\/\/cm-comercioyrepresentaciones.com\/en\/wp-json\/wp\/v2\/pages\/877\/revisions\/1316"}],"wp:attachment":[{"href":"https:\/\/cm-comercioyrepresentaciones.com\/en\/wp-json\/wp\/v2\/media?parent=877"}],"curies":[{"name":"wp","href":"https:\/\/api.w.org\/{rel}","templated":true}]}}