{"id":807,"date":"2021-04-08T22:03:43","date_gmt":"2021-04-08T22:03:43","guid":{"rendered":"https:\/\/cm-comercioyrepresentaciones.com\/?page_id=807"},"modified":"2026-02-17T18:27:22","modified_gmt":"2026-02-17T18:27:22","slug":"alfalfam","status":"publish","type":"page","link":"https:\/\/cm-comercioyrepresentaciones.com\/en\/alfalfam\/","title":{"rendered":"Alfalfa"},"content":{"rendered":"<div class=\"wp-block-media-text alignwide is-stacked-on-mobile is-vertically-aligned-center\" style=\"grid-template-columns:62% auto\"><figure class=\"wp-block-media-text__media\"><img loading=\"lazy\" decoding=\"async\" width=\"771\" height=\"766\" src=\"https:\/\/cm-comercioyrepresentaciones.com\/wp-content\/uploads\/2021\/04\/alfalfa.jpg\" alt=\"\" class=\"wp-image-809 size-full\" srcset=\"https:\/\/cm-comercioyrepresentaciones.com\/wp-content\/uploads\/2021\/04\/alfalfa.jpg 771w, https:\/\/cm-comercioyrepresentaciones.com\/wp-content\/uploads\/2021\/04\/alfalfa-300x298.jpg 300w, https:\/\/cm-comercioyrepresentaciones.com\/wp-content\/uploads\/2021\/04\/alfalfa-150x150.jpg 150w, https:\/\/cm-comercioyrepresentaciones.com\/wp-content\/uploads\/2021\/04\/alfalfa-768x763.jpg 768w\" sizes=\"auto, (max-width: 771px) 100vw, 771px\" \/><\/figure><div class=\"wp-block-media-text__content\">\n<p><\/p>\n<\/div><\/div>\n\n\n\n<hr class=\"wp-block-separator has-text-color has-vivid-cyan-blue-color has-alpha-channel-opacity has-vivid-cyan-blue-background-color has-background is-style-wide\"\/>\n\n\n\n<h2 class=\"wp-block-heading alignwide has-text-align-center has-vivid-cyan-blue-color has-text-color\" id=\"we-re-a-studio-in-berlin-with-an-international-practice-in-architecture-urban-planning-and-interior-design-we-believe-in-sharing-knowledge-and-promoting-dialogue-to-increase-the-creative-potential-of-collaboration\" style=\"font-size:48px;font-style:normal;font-weight:100;line-height:1.1;text-transform:capitalize\">Properties<\/h2>\n\n\n\n<ul class=\"wp-block-list has-vivid-cyan-blue-color has-text-color has-normal-font-size\">\n<li class=\"has-medium-font-size\">\ud83c\udf31 Beneficios de esta planta natural<\/li>\n\n\n\n<li class=\"has-medium-font-size\"><strong>Rica en clorofila y magnesio:<\/strong> potencia la energ\u00eda, oxigena el organismo y fortalece la salud general.<\/li>\n\n\n\n<li class=\"has-medium-font-size\"><strong>Aliada del sistema digestivo:<\/strong> favorece una digesti\u00f3n saludable y contribuye al control del peso.<\/li>\n\n\n\n<li class=\"has-medium-font-size\"><strong>Apoyo contra enfermedades:<\/strong> sus propiedades pueden ayudar a combatir afecciones como artritis, diabetes, reuma y \u00falceras.<\/li>\n\n\n\n<li class=\"has-medium-font-size\"><strong>Nutrici\u00f3n excepcional:<\/strong> su alto contenido en vitaminas, sales minerales y compuestos activos como fitoestr\u00f3genos e isoflavonas la convierten en un aliado de primera para la medicina natural y la diet\u00e9tica.<\/li>\n\n\n\n<li class=\"has-medium-font-size\"><strong>Efecto laxante suave:<\/strong> regula el tr\u00e1nsito intestinal y mejora el proceso digestivo.<\/li>\n\n\n\n<li class=\"has-medium-font-size\"><strong>Mejora la asimilaci\u00f3n de nutrientes:<\/strong> ayuda a aprovechar mejor los alimentos que consumes.<\/li>\n\n\n\n<li class=\"has-medium-font-size\"><strong>Importancia diet\u00e9tica y ginecol\u00f3gica:<\/strong> gracias a su aporte de estr\u00f3geno vegetal, es muy valorada en el \u00e1mbito de la salud femenina y la nutrici\u00f3n.<\/li>\n<\/ul>\n\n\n\n<ul class=\"wp-block-list has-vivid-cyan-blue-color has-text-color\">\n<li class=\"has-medium-font-size\">\ud83c\udf3f Alfalfa: un tesoro nutricional natural<\/li>\n\n\n\n<li><strong>Potente fuente de prote\u00edna vegetal:<\/strong> aporta hasta un <strong>20% de su peso en seco<\/strong> en prote\u00ednas de alta calidad.<\/li>\n\n\n\n<li><strong>Rica en vitaminas esenciales:<\/strong> contiene vitaminas del grupo B (niacina, riboflavina, tiamina), as\u00ed como vitaminas C, A, E y K, esta \u00faltima con propiedades <strong>antihemorr\u00e1gicas y hemost\u00e1ticas<\/strong>.<\/li>\n\n\n\n<li><strong>Compuestos bioactivos \u00fanicos:<\/strong> sus fitoestr\u00f3genos como el <strong>cumestrol<\/strong>, e isoflavonas como la <strong>geniste\u00edna<\/strong> y la <strong>diosgenina<\/strong> poseen efectos estrog\u00e9nicos y antiinflamatorios.<\/li>\n\n\n\n<li><strong>Apoyo digestivo:<\/strong> favorece la digesti\u00f3n, mejora el metabolismo de grasas y carbohidratos, y ayuda a aliviar la inflamaci\u00f3n y pesadez estomacal.<\/li>\n\n\n\n<li><strong>Fortalecimiento \u00f3seo:<\/strong> gracias a su contenido en <strong>hierro, f\u00f3sforo, potasio y calcio<\/strong>, contribuye a mantener la masa \u00f3sea, prevenir fracturas en personas mayores y apoyar el tratamiento de la osteoporosis.<\/li>\n\n\n\n<li class=\"has-medium-font-size\"><strong>Reconstituyente natural:<\/strong> ideal en casos de debilidad, anemia, fatiga f\u00edsica o cuando se requiere un aporte extra de vitaminas y minerales.<\/li>\n<\/ul>\n\n\n\n<hr class=\"wp-block-separator has-text-color has-vivid-cyan-blue-color has-alpha-channel-opacity has-vivid-cyan-blue-background-color has-background is-style-wide\"\/>\n\n\n\n<div class=\"wp-block-buttons is-content-justification-right is-layout-flex wp-container-core-buttons-is-layout-765c4724 wp-block-buttons-is-layout-flex\">\n<div class=\"wp-block-button is-style-outline is-style-outline--1\"><a class=\"wp-block-button__link has-vivid-cyan-blue-color has-text-color has-link-color wp-element-button\" href=\"https:\/\/cm-comercioyrepresentaciones.com\/en\/semillas\/\">Go back<\/a><\/div>\n<\/div>\n\n\n\n<p><\/p>","protected":false},"excerpt":{"rendered":"<p>Properties<\/p>","protected":false},"author":1,"featured_media":0,"parent":0,"menu_order":0,"comment_status":"closed","ping_status":"closed","template":"","meta":{"footnotes":""},"class_list":["post-807","page","type-page","status-publish","hentry"],"_links":{"self":[{"href":"https:\/\/cm-comercioyrepresentaciones.com\/en\/wp-json\/wp\/v2\/pages\/807","targetHints":{"allow":["GET"]}}],"collection":[{"href":"https:\/\/cm-comercioyrepresentaciones.com\/en\/wp-json\/wp\/v2\/pages"}],"about":[{"href":"https:\/\/cm-comercioyrepresentaciones.com\/en\/wp-json\/wp\/v2\/types\/page"}],"author":[{"embeddable":true,"href":"https:\/\/cm-comercioyrepresentaciones.com\/en\/wp-json\/wp\/v2\/users\/1"}],"replies":[{"embeddable":true,"href":"https:\/\/cm-comercioyrepresentaciones.com\/en\/wp-json\/wp\/v2\/comments?post=807"}],"version-history":[{"count":22,"href":"https:\/\/cm-comercioyrepresentaciones.com\/en\/wp-json\/wp\/v2\/pages\/807\/revisions"}],"predecessor-version":[{"id":2298,"href":"https:\/\/cm-comercioyrepresentaciones.com\/en\/wp-json\/wp\/v2\/pages\/807\/revisions\/2298"}],"wp:attachment":[{"href":"https:\/\/cm-comercioyrepresentaciones.com\/en\/wp-json\/wp\/v2\/media?parent=807"}],"curies":[{"name":"wp","href":"https:\/\/api.w.org\/{rel}","templated":true}]}}