{"id":780,"date":"2021-04-07T23:08:55","date_gmt":"2021-04-07T23:08:55","guid":{"rendered":"https:\/\/cm-comercioyrepresentaciones.com\/?page_id=780"},"modified":"2025-08-14T16:45:10","modified_gmt":"2025-08-14T16:45:10","slug":"agaragar","status":"publish","type":"page","link":"https:\/\/cm-comercioyrepresentaciones.com\/en\/agaragar\/","title":{"rendered":"AgarAgar"},"content":{"rendered":"<div class=\"wp-block-image is-resized\">\n<figure class=\"aligncenter size-large\"><img loading=\"lazy\" decoding=\"async\" width=\"770\" height=\"766\" src=\"https:\/\/cm-comercioyrepresentaciones.com\/wp-content\/uploads\/2021\/04\/agaragar.jpg\" alt=\"\" class=\"wp-image-781\" style=\"width:322px;height:auto\" srcset=\"https:\/\/cm-comercioyrepresentaciones.com\/wp-content\/uploads\/2021\/04\/agaragar.jpg 770w, https:\/\/cm-comercioyrepresentaciones.com\/wp-content\/uploads\/2021\/04\/agaragar-300x298.jpg 300w, https:\/\/cm-comercioyrepresentaciones.com\/wp-content\/uploads\/2021\/04\/agaragar-150x150.jpg 150w, https:\/\/cm-comercioyrepresentaciones.com\/wp-content\/uploads\/2021\/04\/agaragar-768x764.jpg 768w\" sizes=\"auto, (max-width: 770px) 100vw, 770px\" \/><\/figure>\n<\/div>\n\n\n<p class=\"has-vivid-cyan-blue-color has-text-color has-link-color has-medium-font-size wp-elements-d9ff37f0e9d8e08928d61c642536274a\">\u2728 <strong>Agar-Agar: el tesoro natural del mar<\/strong> \u2728<br>Extra\u00eddo de selectas <strong>algas<\/strong>, el agar-agar es un polisac\u00e1rido 100% natural que combina <strong>potentes propiedades gelificantes<\/strong> con incre\u00edbles beneficios para tu salud. Vers\u00e1til y saludable, es ideal para preparar postres, gelatinas, recetas veganas y, adem\u00e1s, favorecer una digesti\u00f3n equilibrada.<\/p>\n\n\n\n<hr class=\"wp-block-separator has-text-color has-vivid-cyan-blue-color has-alpha-channel-opacity has-vivid-cyan-blue-background-color has-background\"\/>\n\n\n\n<h2 class=\"wp-block-heading has-vivid-cyan-blue-color has-text-color has-link-color wp-elements-84177e861b6265e594d45011887f2fc3\">\ud83c\udf0a Propiedades destacadas del Agar-Agar \ud83c\udf0a<\/h2>\n\n\n\n<p class=\"has-vivid-cyan-blue-color has-text-color has-link-color wp-elements-2a1accf56296f9d33c719ef098abc082\">\ud83d\udc8e <strong>Potente gelificante natural<\/strong><br>El agar-agar tiene un poder de gelificaci\u00f3n <strong>6 a 10 veces mayor<\/strong> que la gelatina de origen animal, formando geles firmes y estables incluso con peque\u00f1as cantidades. \u00a1Ideal para postres perfectos y texturas irresistibles!<\/p>\n\n\n\n<p class=\"has-vivid-cyan-blue-color has-text-color has-link-color wp-elements-23030aee6194b2b194cb6f8628f8c23d\">\ud83d\udc75 <strong>Aliado para personas con disfagia<\/strong><br>Gracias a su capacidad espesante, es de gran ayuda para preparar l\u00edquidos y pur\u00e9s m\u00e1s f\u00e1ciles de tragar, mejorando la alimentaci\u00f3n de personas mayores o con dificultades de degluci\u00f3n.<\/p>\n\n\n\n<p class=\"has-vivid-cyan-blue-color has-text-color has-link-color wp-elements-810a6c4c5131d0ae08be403a6cb4f45f\">\ud83c\udf31 <strong>Alternativa 100% vegetal<\/strong><br>Sin qu\u00edmicos, sin gluten y apto para dietas veganas y vegetarianas, el agar-agar es el sustituto saludable de los espesantes industriales.<\/p>\n\n\n\n<p class=\"has-vivid-cyan-blue-color has-text-color has-link-color wp-elements-3c29ee24842162f0e27add32e6bcd43f\">\ud83c\udf43 <strong>Beneficios digestivos y reguladores<\/strong><br>Rico en fibra natural, ayuda a mantener un tr\u00e1nsito intestinal equilibrado y act\u00faa como un suave laxante, combatiendo el estre\u00f1imiento de forma natural.<\/p>\n\n\n\n<h3 class=\"wp-block-heading has-vivid-cyan-blue-color has-text-color has-link-color wp-elements-14c727150675821b3864e75f13eb69b2\">\ud83c\udf7d\ufe0f Uso Recomendado del Agar-Agar<\/h3>\n\n\n\n<p class=\"has-vivid-cyan-blue-color has-text-color has-link-color wp-elements-f71fd76688ef8ec37ce3320a3325c870\">\ud83d\udca1 <strong>Para beneficios digestivos<\/strong><br>Disolver <strong>1 cucharadita de agar-agar en polvo<\/strong> en <strong>2 vasos de agua fr\u00eda<\/strong> y consumir una vez al d\u00eda. <em>(Siempre consulta con tu m\u00e9dico antes de incorporarlo a tu dieta).<\/em><\/p>\n\n\n\n<p class=\"has-vivid-cyan-blue-color has-text-color has-link-color wp-elements-d59b1ed2e5ed4e8659d00f322e710a28\">\ud83d\udc69\u200d\ud83c\udf73 <strong>En la cocina<\/strong><br>La cantidad depender\u00e1 de la textura que quieras lograr:<\/p>\n\n\n\n<ul class=\"wp-block-list\">\n<li class=\"has-vivid-cyan-blue-color has-text-color has-link-color wp-elements-4e7a35ac13dc3b973fab041413df78c2\"><strong>Postres suaves:<\/strong> 2-4 g por litro de l\u00edquido<\/li>\n\n\n\n<li class=\"has-vivid-cyan-blue-color has-text-color has-link-color wp-elements-a5078668a93b612601702d2fd4219587\"><strong>Geles firmes:<\/strong> 8-10 g por litro de l\u00edquido<\/li>\n<\/ul>\n\n\n\n<p class=\"has-vivid-cyan-blue-color has-text-color has-link-color wp-elements-6f302b29f594e7bd1e27b26eff02fe0e\">\ud83d\udccc <strong>Tip:<\/strong> El agar-agar necesita hervir para activar su poder gelificante.<\/p>\n\n\n\n<hr class=\"wp-block-separator has-text-color has-vivid-cyan-blue-color has-alpha-channel-opacity has-vivid-cyan-blue-background-color has-background\"\/>\n\n\n\n<h2 class=\"wp-block-heading has-vivid-cyan-blue-color has-text-color has-link-color wp-elements-b2894c35b62970606b2212c4ced55aa1\">\u26a0\ufe0f Consideraciones<\/h2>\n\n\n\n<p class=\"has-vivid-cyan-blue-color has-text-color has-link-color wp-elements-45f01d08d5e7a222a92c0bf67a4a185d\">\ud83c\udf3f Gu\u00eda Pr\u00e1ctica del Agar-Agar<\/p>\n\n\n\n<p class=\"has-vivid-cyan-blue-color has-text-color has-link-color wp-elements-434df07a86c6f91fcf27392bbeea9ad1\">El <strong>agar-agar<\/strong> es un gelificante natural, seguro y vers\u00e1til, ideal tanto para la cocina como para el cuidado digestivo. Aunque es bien tolerado por la mayor\u00eda de las personas, es importante <strong>consumirlo siempre con suficiente l\u00edquido<\/strong> para evitar molestias digestivas.<br>\ud83d\udca1 <em>Como con cualquier suplemento, se recomienda consultar a un profesional de la salud antes de usarlo regularmente.<\/em><\/p>\n\n\n\n<hr class=\"wp-block-separator has-text-color has-vivid-cyan-blue-color has-alpha-channel-opacity has-vivid-cyan-blue-background-color has-background\"\/>\n\n\n\n<h3 class=\"wp-block-heading has-vivid-cyan-blue-color has-text-color has-link-color wp-elements-c95c3a797fd9cdeb2cdbf9c5f37ff471\">\ud83e\uddea \u00bfC\u00f3mo utilizar el agar-agar?<\/h3>\n\n\n\n<ol class=\"wp-block-list\">\n<li class=\"has-vivid-cyan-blue-color has-text-color has-link-color wp-elements-34b2427e0a38f983a0ecadbcc4540a70\"><strong>Disoluci\u00f3n en fr\u00edo:<\/strong> Mezcla el agar-agar con agua, caldo, leche o zumo antes de calentar, para evitar grumos.<\/li>\n\n\n\n<li class=\"has-vivid-cyan-blue-color has-text-color has-link-color wp-elements-0ed6eee3e8b64fa65f90249c4e600f22\"><strong>Activaci\u00f3n en caliente:<\/strong> Lleva la mezcla a ebullici\u00f3n suave y remueve durante al menos <strong>2 minutos<\/strong> para activar su poder gelificante.<\/li>\n\n\n\n<li class=\"has-vivid-cyan-blue-color has-text-color has-link-color wp-elements-1c86bb961a04a549c93319d4380d8dde\"><strong>Gelificaci\u00f3n perfecta:<\/strong> Deja enfriar para que adquiera la consistencia deseada.<\/li>\n<\/ol>\n\n\n\n<hr class=\"wp-block-separator has-text-color has-vivid-cyan-blue-color has-alpha-channel-opacity has-vivid-cyan-blue-background-color has-background\"\/>\n\n\n\n<h3 class=\"wp-block-heading has-vivid-cyan-blue-color has-text-color has-link-color wp-elements-6dfcd1db56f6b3198c6900354363b6c4\">\u26a0\ufe0f Consejos importantes<\/h3>\n\n\n\n<ul class=\"wp-block-list\">\n<li class=\"has-vivid-cyan-blue-color has-text-color has-link-color wp-elements-382240b5ee1c83c005126167c1d71540\"><strong>Evita ingredientes fr\u00edos:<\/strong> Si lo mezclas con alimentos fr\u00edos, puede perder su capacidad de gelificar.<\/li>\n\n\n\n<li class=\"has-vivid-cyan-blue-color has-text-color has-link-color wp-elements-d295b3f074c2a00e9598d283b438071b\"><strong>Cuidado con los \u00e1cidos:<\/strong> En recetas con c\u00edtricos o vinagre, aumenta ligeramente la cantidad para lograr el mismo efecto.<\/li>\n<\/ul>\n\n\n\n<hr class=\"wp-block-separator has-text-color has-vivid-cyan-blue-color has-alpha-channel-opacity has-vivid-cyan-blue-background-color has-background\"\/>\n\n\n\n<h3 class=\"wp-block-heading has-vivid-cyan-blue-color has-text-color has-link-color wp-elements-e96e3230c82d145ba29b3b9fe6cdc167\">\ud83c\udf1f Beneficios destacados<\/h3>\n\n\n\n<ul class=\"wp-block-list\">\n<li class=\"has-vivid-cyan-blue-color has-text-color has-link-color wp-elements-0dc577065204344966f6cdd8f0a7cefe\"><strong>Adelgazante y saciante:<\/strong> ayuda a controlar el apetito.<\/li>\n\n\n\n<li class=\"has-vivid-cyan-blue-color has-text-color has-link-color wp-elements-5950881457fdff4ea1b01d84240ad2e8\"><strong>Regulador intestinal:<\/strong> combate diarrea y estre\u00f1imiento gracias a su fibra soluble.<\/li>\n\n\n\n<li class=\"has-vivid-cyan-blue-color has-text-color has-link-color wp-elements-135f3d463280a19423e7fa4ee06adc49\"><strong>Apoyo en dietas especiales:<\/strong> apto para veganos, vegetarianos y dietas sin gluten.<\/li>\n<\/ul>\n\n\n\n<hr class=\"wp-block-separator has-text-color has-vivid-cyan-blue-color has-alpha-channel-opacity has-vivid-cyan-blue-background-color has-background\"\/>\n\n\n\n<div class=\"wp-block-buttons is-content-justification-right is-layout-flex wp-container-core-buttons-is-layout-765c4724 wp-block-buttons-is-layout-flex\">\n<div class=\"wp-block-button has-custom-width wp-block-button__width-25 is-style-outline is-style-outline--1\"><a class=\"wp-block-button__link has-vivid-cyan-blue-color has-text-color has-link-color wp-element-button\" href=\"https:\/\/cm-comercioyrepresentaciones.com\/en\/productos\/\">Go back<\/a><\/div>\n<\/div>\n\n\n\n<p><\/p>","protected":false},"excerpt":{"rendered":"<p>\u2728 Agar-Agar: el tesoro natural del mar \u2728Extra\u00eddo de selectas algas, el agar-agar es un polisac\u00e1rido 100% natural que combina potentes propiedades gelificantes con incre\u00edbles beneficios para tu salud. Vers\u00e1til y saludable, es ideal para preparar postres, gelatinas, recetas veganas y, adem\u00e1s, favorecer una digesti\u00f3n equilibrada. \ud83c\udf0a Propiedades destacadas del Agar-Agar \ud83c\udf0a \ud83d\udc8e Potente gelificante [&hellip;]<\/p>","protected":false},"author":1,"featured_media":0,"parent":0,"menu_order":0,"comment_status":"closed","ping_status":"closed","template":"","meta":{"footnotes":""},"class_list":["post-780","page","type-page","status-publish","hentry"],"_links":{"self":[{"href":"https:\/\/cm-comercioyrepresentaciones.com\/en\/wp-json\/wp\/v2\/pages\/780","targetHints":{"allow":["GET"]}}],"collection":[{"href":"https:\/\/cm-comercioyrepresentaciones.com\/en\/wp-json\/wp\/v2\/pages"}],"about":[{"href":"https:\/\/cm-comercioyrepresentaciones.com\/en\/wp-json\/wp\/v2\/types\/page"}],"author":[{"embeddable":true,"href":"https:\/\/cm-comercioyrepresentaciones.com\/en\/wp-json\/wp\/v2\/users\/1"}],"replies":[{"embeddable":true,"href":"https:\/\/cm-comercioyrepresentaciones.com\/en\/wp-json\/wp\/v2\/comments?post=780"}],"version-history":[{"count":17,"href":"https:\/\/cm-comercioyrepresentaciones.com\/en\/wp-json\/wp\/v2\/pages\/780\/revisions"}],"predecessor-version":[{"id":2283,"href":"https:\/\/cm-comercioyrepresentaciones.com\/en\/wp-json\/wp\/v2\/pages\/780\/revisions\/2283"}],"wp:attachment":[{"href":"https:\/\/cm-comercioyrepresentaciones.com\/en\/wp-json\/wp\/v2\/media?parent=780"}],"curies":[{"name":"wp","href":"https:\/\/api.w.org\/{rel}","templated":true}]}}