{"id":481,"date":"2021-03-30T23:58:16","date_gmt":"2021-03-30T23:58:16","guid":{"rendered":"https:\/\/cm-comercioyrepresentaciones.com\/?page_id=481"},"modified":"2021-05-10T22:18:09","modified_gmt":"2021-05-10T22:18:09","slug":"coladecaballo","status":"publish","type":"page","link":"https:\/\/cm-comercioyrepresentaciones.com\/en\/coladecaballo\/","title":{"rendered":"Cola de Caballo"},"content":{"rendered":"<div class=\"wp-block-image is-style-default\"><figure class=\"aligncenter size-large is-resized\"><img loading=\"lazy\" decoding=\"async\" src=\"https:\/\/cm-comercioyrepresentaciones.com\/wp-content\/uploads\/2021\/04\/colacaballo-1024x1024.png\" alt=\"\" class=\"wp-image-765\" width=\"475\" height=\"475\" srcset=\"https:\/\/cm-comercioyrepresentaciones.com\/wp-content\/uploads\/2021\/04\/colacaballo-1024x1024.png 1024w, https:\/\/cm-comercioyrepresentaciones.com\/wp-content\/uploads\/2021\/04\/colacaballo-300x300.png 300w, https:\/\/cm-comercioyrepresentaciones.com\/wp-content\/uploads\/2021\/04\/colacaballo-150x150.png 150w, https:\/\/cm-comercioyrepresentaciones.com\/wp-content\/uploads\/2021\/04\/colacaballo-768x768.png 768w, https:\/\/cm-comercioyrepresentaciones.com\/wp-content\/uploads\/2021\/04\/colacaballo-1536x1536.png 1536w, https:\/\/cm-comercioyrepresentaciones.com\/wp-content\/uploads\/2021\/04\/colacaballo-2048x2048.png 2048w\" sizes=\"auto, (max-width: 475px) 100vw, 475px\" \/><\/figure><\/div>\n\n\n\n<h1 class=\"has-text-align-center has-vivid-cyan-blue-color has-text-color wp-block-heading\">Properties<\/h1>\n\n\n\n<ul class=\"has-vivid-cyan-blue-color has-text-color wp-block-list\"><li>Act\u00faa como un diur\u00e9tico potente y resolutivo para favorecer la emisi\u00f3n de orina y la eliminaci\u00f3n de toxinas desde el h\u00edgado y el ri\u00f1\u00f3n<\/li><li>Ayuda en dolores menstruales o menstruaci\u00f3n abundante, diarreas estacionales<\/li><\/ul>\n\n\n\n<hr class=\"wp-block-separator is-style-wide\"\/>\n\n\n\n<h1 class=\"has-text-align-center has-vivid-cyan-blue-color has-text-color wp-block-heading\">Usos<\/h1>\n\n\n\n<ul class=\"has-vivid-cyan-blue-color has-text-color wp-block-list\"><li>Si tu intenci\u00f3n es utilizarla como adelgazante se coloca dos cucharadas en un litro de agua. La soluci\u00f3n resultante se recomienda tomar durante 15 d\u00edas antes o despu\u00e9s de las comidas<\/li><\/ul>","protected":false},"excerpt":{"rendered":"<p>Propiedades Act\u00faa como un diur\u00e9tico potente y resolutivo para favorecer la emisi\u00f3n de orina y la eliminaci\u00f3n de toxinas desde el h\u00edgado y el ri\u00f1\u00f3n Ayuda en dolores menstruales o menstruaci\u00f3n abundante, diarreas estacionales Usos Si tu intenci\u00f3n es utilizarla como adelgazante se coloca dos cucharadas en un litro de agua. La soluci\u00f3n resultante se [&hellip;]<\/p>","protected":false},"author":1,"featured_media":0,"parent":0,"menu_order":0,"comment_status":"closed","ping_status":"closed","template":"","meta":{"footnotes":""},"class_list":["post-481","page","type-page","status-publish","hentry"],"_links":{"self":[{"href":"https:\/\/cm-comercioyrepresentaciones.com\/en\/wp-json\/wp\/v2\/pages\/481","targetHints":{"allow":["GET"]}}],"collection":[{"href":"https:\/\/cm-comercioyrepresentaciones.com\/en\/wp-json\/wp\/v2\/pages"}],"about":[{"href":"https:\/\/cm-comercioyrepresentaciones.com\/en\/wp-json\/wp\/v2\/types\/page"}],"author":[{"embeddable":true,"href":"https:\/\/cm-comercioyrepresentaciones.com\/en\/wp-json\/wp\/v2\/users\/1"}],"replies":[{"embeddable":true,"href":"https:\/\/cm-comercioyrepresentaciones.com\/en\/wp-json\/wp\/v2\/comments?post=481"}],"version-history":[{"count":8,"href":"https:\/\/cm-comercioyrepresentaciones.com\/en\/wp-json\/wp\/v2\/pages\/481\/revisions"}],"predecessor-version":[{"id":1319,"href":"https:\/\/cm-comercioyrepresentaciones.com\/en\/wp-json\/wp\/v2\/pages\/481\/revisions\/1319"}],"wp:attachment":[{"href":"https:\/\/cm-comercioyrepresentaciones.com\/en\/wp-json\/wp\/v2\/media?parent=481"}],"curies":[{"name":"wp","href":"https:\/\/api.w.org\/{rel}","templated":true}]}}