{"id":256,"date":"2021-03-29T21:58:59","date_gmt":"2021-03-29T21:58:59","guid":{"rendered":"https:\/\/cm-comercioyrepresentaciones.com\/?page_id=256"},"modified":"2021-05-31T21:17:46","modified_gmt":"2021-05-31T21:17:46","slug":"productos","status":"publish","type":"page","link":"https:\/\/cm-comercioyrepresentaciones.com\/en\/productos\/","title":{"rendered":"Products"},"content":{"rendered":"<hr class=\"wp-block-separator\"\/>\n\n\n\n<h2 class=\"has-text-align-center has-vivid-cyan-blue-color has-text-color wp-block-heading\">Food Section<\/h2>\n\n\n\n<div class=\"wp-block-columns is-layout-flex wp-container-core-columns-is-layout-9d6595d7 wp-block-columns-is-layout-flex\">\n<div class=\"wp-block-column is-layout-flow wp-block-column-is-layout-flow\">\n<div class=\"wp-block-image\"><figure class=\"aligncenter size-large is-resized\"><a href=\"https:\/\/cm-comercioyrepresentaciones.com\/en\/semillas\/\"><img loading=\"lazy\" decoding=\"async\" src=\"https:\/\/cm-comercioyrepresentaciones.com\/wp-content\/uploads\/2021\/03\/eden_semillas-1.jpg\" alt=\"\" class=\"wp-image-309\" width=\"166\" height=\"111\" srcset=\"https:\/\/cm-comercioyrepresentaciones.com\/wp-content\/uploads\/2021\/03\/eden_semillas-1.jpg 731w, https:\/\/cm-comercioyrepresentaciones.com\/wp-content\/uploads\/2021\/03\/eden_semillas-1-300x202.jpg 300w\" sizes=\"auto, (max-width: 166px) 100vw, 166px\" \/><\/a><figcaption>natural seeds<\/figcaption><\/figure><\/div>\n<\/div>\n\n\n\n<div class=\"wp-block-column is-layout-flow wp-block-column-is-layout-flow\">\n<div class=\"wp-block-image\"><figure class=\"aligncenter size-large is-resized\"><a href=\"https:\/\/cm-comercioyrepresentaciones.com\/en\/el-eden-hierbas-aromaticas\/\"><img loading=\"lazy\" decoding=\"async\" src=\"https:\/\/cm-comercioyrepresentaciones.com\/wp-content\/uploads\/2021\/03\/eden_hierbas.jpg\" alt=\"\" class=\"wp-image-288\" width=\"190\" height=\"127\" srcset=\"https:\/\/cm-comercioyrepresentaciones.com\/wp-content\/uploads\/2021\/03\/eden_hierbas.jpg 731w, https:\/\/cm-comercioyrepresentaciones.com\/wp-content\/uploads\/2021\/03\/eden_hierbas-300x202.jpg 300w\" sizes=\"auto, (max-width: 190px) 100vw, 190px\" \/><\/a><figcaption>Hierbas Arom\u00e1ticas<\/figcaption><\/figure><\/div>\n<\/div>\n\n\n\n<div class=\"wp-block-column is-layout-flow wp-block-column-is-layout-flow\">\n<div class=\"wp-block-image\"><figure class=\"aligncenter size-large is-resized\"><a href=\"https:\/\/cm-comercioyrepresentaciones.com\/en\/polvo\/\"><img loading=\"lazy\" decoding=\"async\" src=\"https:\/\/cm-comercioyrepresentaciones.com\/wp-content\/uploads\/2021\/03\/eden_semillas.jpg\" alt=\"\" class=\"wp-image-286\" width=\"190\" height=\"127\" srcset=\"https:\/\/cm-comercioyrepresentaciones.com\/wp-content\/uploads\/2021\/03\/eden_semillas.jpg 731w, https:\/\/cm-comercioyrepresentaciones.com\/wp-content\/uploads\/2021\/03\/eden_semillas-300x202.jpg 300w\" sizes=\"auto, (max-width: 190px) 100vw, 190px\" \/><\/a><figcaption>Producto en Polvo<\/figcaption><\/figure><\/div>\n<\/div>\n<\/div>\n\n\n\n<hr class=\"wp-block-separator\"\/>\n\n\n\n<h2 class=\"has-text-align-center has-vivid-cyan-blue-color has-text-color wp-block-heading\">Natural cosmetics<\/h2>\n\n\n\n<div class=\"wp-block-columns is-layout-flex wp-container-core-columns-is-layout-9d6595d7 wp-block-columns-is-layout-flex\">\n<div class=\"wp-block-column is-layout-flow wp-block-column-is-layout-flow\">\n<div class=\"wp-block-image\"><figure class=\"aligncenter size-large is-resized\"><a href=\"https:\/\/cm-comercioyrepresentaciones.com\/en\/magiaromacm\/\"><img loading=\"lazy\" decoding=\"async\" src=\"https:\/\/cm-comercioyrepresentaciones.com\/wp-content\/uploads\/2021\/03\/perfil_cm-2-1.jpg\" alt=\"\" class=\"wp-image-549\" width=\"170\" height=\"135\"\/><\/a><figcaption>Belleza <\/figcaption><\/figure><\/div>\n\n\n\n<hr class=\"wp-block-separator aligncenter\"\/>\n\n\n\n<h2 class=\"has-text-align-center has-vivid-cyan-blue-color has-text-color wp-block-heading\">Home Section<\/h2>\n\n\n\n<div class=\"wp-block-image\"><figure class=\"aligncenter size-large is-resized\"><a href=\"https:\/\/cm-comercioyrepresentaciones.com\/en\/hogar\/\"><img loading=\"lazy\" decoding=\"async\" src=\"https:\/\/cm-comercioyrepresentaciones.com\/wp-content\/uploads\/2021\/03\/perfil_cm-2-1.jpg\" alt=\"\" class=\"wp-image-549\" width=\"170\" height=\"135\"\/><\/a><figcaption>Home <\/figcaption><\/figure><\/div>\n\n\n\n<hr class=\"wp-block-separator alignwide\"\/>\n\n\n\n<h2 class=\"has-text-align-center has-vivid-cyan-blue-color has-text-color wp-block-heading\">Pets Section<\/h2>\n\n\n\n<div class=\"wp-block-image\"><figure class=\"aligncenter size-large is-resized\"><a href=\"https:\/\/cm-comercioyrepresentaciones.com\/en\/mascotas\/\"><img loading=\"lazy\" decoding=\"async\" src=\"https:\/\/cm-comercioyrepresentaciones.com\/wp-content\/uploads\/2021\/05\/imagen.png\" alt=\"\" class=\"wp-image-1295\" width=\"213\" height=\"162\" srcset=\"https:\/\/cm-comercioyrepresentaciones.com\/wp-content\/uploads\/2021\/05\/imagen.png 390w, https:\/\/cm-comercioyrepresentaciones.com\/wp-content\/uploads\/2021\/05\/imagen-300x228.png 300w\" sizes=\"auto, (max-width: 213px) 100vw, 213px\" \/><\/a><\/figure><\/div>\n<\/div>\n<\/div>\n\n\n\n<hr class=\"wp-block-separator\"\/>\n\n\n\n<p><\/p>","protected":false},"excerpt":{"rendered":"<p>Secci\u00f3n Alimentos Cosm\u00e9tica Natural Secci\u00f3n Hogar Secci\u00f3n Mascotas<\/p>","protected":false},"author":1,"featured_media":0,"parent":0,"menu_order":0,"comment_status":"closed","ping_status":"closed","template":"","meta":{"footnotes":""},"class_list":["post-256","page","type-page","status-publish","hentry"],"_links":{"self":[{"href":"https:\/\/cm-comercioyrepresentaciones.com\/en\/wp-json\/wp\/v2\/pages\/256","targetHints":{"allow":["GET"]}}],"collection":[{"href":"https:\/\/cm-comercioyrepresentaciones.com\/en\/wp-json\/wp\/v2\/pages"}],"about":[{"href":"https:\/\/cm-comercioyrepresentaciones.com\/en\/wp-json\/wp\/v2\/types\/page"}],"author":[{"embeddable":true,"href":"https:\/\/cm-comercioyrepresentaciones.com\/en\/wp-json\/wp\/v2\/users\/1"}],"replies":[{"embeddable":true,"href":"https:\/\/cm-comercioyrepresentaciones.com\/en\/wp-json\/wp\/v2\/comments?post=256"}],"version-history":[{"count":14,"href":"https:\/\/cm-comercioyrepresentaciones.com\/en\/wp-json\/wp\/v2\/pages\/256\/revisions"}],"predecessor-version":[{"id":1590,"href":"https:\/\/cm-comercioyrepresentaciones.com\/en\/wp-json\/wp\/v2\/pages\/256\/revisions\/1590"}],"wp:attachment":[{"href":"https:\/\/cm-comercioyrepresentaciones.com\/en\/wp-json\/wp\/v2\/media?parent=256"}],"curies":[{"name":"wp","href":"https:\/\/api.w.org\/{rel}","templated":true}]}}