{"id":2176,"date":"2024-02-16T19:06:01","date_gmt":"2024-02-16T19:06:01","guid":{"rendered":"https:\/\/cm-comercioyrepresentaciones.com\/?page_id=2176"},"modified":"2024-02-21T19:09:48","modified_gmt":"2024-02-21T19:09:48","slug":"jabon-chocolate","status":"publish","type":"page","link":"https:\/\/cm-comercioyrepresentaciones.com\/en\/jabon-chocolate\/","title":{"rendered":"Jab\u00f3n Chocolate"},"content":{"rendered":"<div class=\"is-default-size wp-block-site-logo\"><a href=\"https:\/\/cm-comercioyrepresentaciones.com\/en\/\" class=\"custom-logo-link\" rel=\"home\"><img loading=\"lazy\" decoding=\"async\" width=\"746\" height=\"750\" src=\"https:\/\/cm-comercioyrepresentaciones.com\/wp-content\/uploads\/2021\/03\/perfil_cm-3.jpg\" class=\"custom-logo\" alt=\"\" srcset=\"https:\/\/cm-comercioyrepresentaciones.com\/wp-content\/uploads\/2021\/03\/perfil_cm-3.jpg 746w, https:\/\/cm-comercioyrepresentaciones.com\/wp-content\/uploads\/2021\/03\/perfil_cm-3-298x300.jpg 298w, https:\/\/cm-comercioyrepresentaciones.com\/wp-content\/uploads\/2021\/03\/perfil_cm-3-150x150.jpg 150w\" sizes=\"auto, (max-width: 746px) 100vw, 746px\" \/><\/a><\/div>\n\n<div class=\"wp-block-image\">\n<figure class=\"aligncenter size-full is-resized\"><img loading=\"lazy\" decoding=\"async\" width=\"433\" height=\"271\" src=\"https:\/\/cm-comercioyrepresentaciones.com\/wp-content\/uploads\/2024\/02\/choco_2-removebg-preview-1-edited.png\" alt=\"\" class=\"wp-image-2181\" style=\"width:325px;height:auto\" srcset=\"https:\/\/cm-comercioyrepresentaciones.com\/wp-content\/uploads\/2024\/02\/choco_2-removebg-preview-1-edited.png 433w, https:\/\/cm-comercioyrepresentaciones.com\/wp-content\/uploads\/2024\/02\/choco_2-removebg-preview-1-edited-300x188.png 300w, https:\/\/cm-comercioyrepresentaciones.com\/wp-content\/uploads\/2024\/02\/choco_2-removebg-preview-1-edited-18x12.png 18w\" sizes=\"auto, (max-width: 433px) 100vw, 433px\" \/><\/figure>\n<\/div>\n\n\n<h2 class=\"wp-block-heading has-vivid-cyan-blue-color has-text-color has-link-color wp-elements-1af2180659ba445e089033571a1cfe1f\">Jab\u00f3n que nutre e hidrata en profundidad<\/h2>\n\n\n\n<ul class=\"has-vivid-cyan-blue-color has-text-color has-link-color wp-block-list wp-elements-020cb05aae3adf29991953265fe62d7b\">\n<li>El jab\u00f3n de chocolate tiene\u00a0 una gran capacidad de hidratar nuestra piel y regenerarla, gracias\u00a0 a sus ingredientes 100%\u00a0 naturales y seleccionados de la mejor calidad. Ideal para todo tipo de pieles y recomendado en pieles secas, por el poder hidratante del chocolate. Es un tonificante, hidratante, ayuda en el envejecimiento celular, es antioxidante y reafirmantes. Es un producto 100% hecho a mano.<\/li>\n\n\n\n<li>El jab\u00f3n de chocolate posee propiedades hidratantes, combate la inflamaci\u00f3n de la piel y la hace lucir m\u00e1s suave y saludable.<\/li>\n<\/ul>\n\n\n\n<h2 class=\"wp-block-heading has-vivid-cyan-blue-color has-text-color has-link-color wp-elements-e551de304a0c27e67df90fab21bb7c4f\">Acci\u00f3n del Jab\u00f3n de Chocolate sobre la piel<\/h2>\n\n\n\n<ul class=\"has-vivid-cyan-blue-color has-text-color has-link-color wp-block-list wp-elements-e12170c73b424cb6816c29ce865afccc\">\n<li>Propiedades antioxidantes: El chocolate y el aceite de cocoa tienen antioxidantes que ayudan a proteger la piel de los da\u00f1os causados por los radicales libres.<\/li>\n\n\n\n<li>Propiedades antiinflamatorias: El chocolate y el aceite de cocoa tienen propiedades antiinflamatorias que ayudan a reducir la inflamaci\u00f3n y la rojez de la piel.<\/li>\n\n\n\n<li>Propiedades hidratantes: El aceite de cocoa tiene propiedades hidratantes que ayudan a mantener la piel hidratada y suave.<\/li>\n\n\n\n<li>Propiedades rejuvenecedoras: El chocolate y el aceite de cocoa tienen propiedades rejuvenecedoras que ayudan a reducir la apariencia de arrugas y l\u00edneas finas.<\/li>\n\n\n\n<li>Tratamiento del acn\u00e9: El jab\u00f3n de chocolate puede ayudar a reducir los brotes de acn\u00e9 y limpiar los poros obstruidos.<\/li>\n\n\n\n<li>Propiedades exfoliantes: El jab\u00f3n de chocolate ayuda a exfoliar la piel suavemente, eliminando las c\u00e9lulas muertas de la piel y dejando la piel suave y radiante.<\/li>\n\n\n\n<li>Propiedades aromaterapia: El aroma del chocolate puede ayudar a relajar y reducir el estr\u00e9s.<\/li>\n\n\n\n<li>&nbsp;El jab\u00f3n artesanal de chocolate Contiene antioxidantes que nos protegen de los radicales libres, previniendo el envejecimiento.<\/li>\n\n\n\n<li>El jab\u00f3n natural de chocolate &nbsp;disminuye la flacidez aportando elasticidad a la piel.<\/li>\n\n\n\n<li>Es perfecto para mujeres embarazadas, ya que combate las estr\u00edas.<\/li>\n\n\n\n<li>El jab\u00f3n de Chocolate elimina manchas de la piel y celulitis.<\/li>\n<\/ul>\n\n\n\n<div class=\"wp-block-buttons is-content-justification-right is-layout-flex wp-container-core-buttons-is-layout-02b0700d wp-block-buttons-is-layout-flex\">\n<div class=\"wp-block-button has-custom-width wp-block-button__width-25 is-style-outline is-style-outline--1\"><a class=\"wp-block-button__link has-vivid-cyan-blue-color has-white-background-color has-text-color has-background has-link-color has-text-align-center wp-element-button\" href=\"https:\/\/cm-comercioyrepresentaciones.com\/en\/magiaromacm\/\">Go back<\/a><\/div>\n<\/div>","protected":false},"excerpt":{"rendered":"<p>Jab\u00f3n que nutre e hidrata en profundidad Acci\u00f3n del Jab\u00f3n de Chocolate sobre la piel<\/p>","protected":false},"author":1,"featured_media":0,"parent":0,"menu_order":0,"comment_status":"closed","ping_status":"closed","template":"","meta":{"footnotes":""},"class_list":["post-2176","page","type-page","status-publish","hentry"],"_links":{"self":[{"href":"https:\/\/cm-comercioyrepresentaciones.com\/en\/wp-json\/wp\/v2\/pages\/2176","targetHints":{"allow":["GET"]}}],"collection":[{"href":"https:\/\/cm-comercioyrepresentaciones.com\/en\/wp-json\/wp\/v2\/pages"}],"about":[{"href":"https:\/\/cm-comercioyrepresentaciones.com\/en\/wp-json\/wp\/v2\/types\/page"}],"author":[{"embeddable":true,"href":"https:\/\/cm-comercioyrepresentaciones.com\/en\/wp-json\/wp\/v2\/users\/1"}],"replies":[{"embeddable":true,"href":"https:\/\/cm-comercioyrepresentaciones.com\/en\/wp-json\/wp\/v2\/comments?post=2176"}],"version-history":[{"count":3,"href":"https:\/\/cm-comercioyrepresentaciones.com\/en\/wp-json\/wp\/v2\/pages\/2176\/revisions"}],"predecessor-version":[{"id":2182,"href":"https:\/\/cm-comercioyrepresentaciones.com\/en\/wp-json\/wp\/v2\/pages\/2176\/revisions\/2182"}],"wp:attachment":[{"href":"https:\/\/cm-comercioyrepresentaciones.com\/en\/wp-json\/wp\/v2\/media?parent=2176"}],"curies":[{"name":"wp","href":"https:\/\/api.w.org\/{rel}","templated":true}]}}