{"id":1707,"date":"2021-09-16T23:28:24","date_gmt":"2021-09-16T23:28:24","guid":{"rendered":"https:\/\/cm-comercioyrepresentaciones.com\/?page_id=1707"},"modified":"2021-09-17T22:25:21","modified_gmt":"2021-09-17T22:25:21","slug":"cardamomo","status":"publish","type":"page","link":"https:\/\/cm-comercioyrepresentaciones.com\/en\/cardamomo\/","title":{"rendered":"Cardamomo"},"content":{"rendered":"<div class=\"wp-block-image\"><figure class=\"aligncenter size-full is-resized\"><img loading=\"lazy\" decoding=\"async\" src=\"https:\/\/cm-comercioyrepresentaciones.com\/wp-content\/uploads\/2021\/09\/cardamomo1.jpg\" alt=\"\" class=\"wp-image-1709\" width=\"554\" height=\"544\" srcset=\"https:\/\/cm-comercioyrepresentaciones.com\/wp-content\/uploads\/2021\/09\/cardamomo1.jpg 782w, https:\/\/cm-comercioyrepresentaciones.com\/wp-content\/uploads\/2021\/09\/cardamomo1-300x295.jpg 300w, https:\/\/cm-comercioyrepresentaciones.com\/wp-content\/uploads\/2021\/09\/cardamomo1-768x754.jpg 768w\" sizes=\"auto, (max-width: 554px) 100vw, 554px\" \/><\/figure><\/div>\n\n\n\n<h1 class=\"has-text-align-center has-vivid-cyan-blue-color has-text-color wp-block-heading\">Properties<\/h1>\n\n\n\n<hr class=\"wp-block-separator has-text-color has-background has-vivid-cyan-blue-background-color has-vivid-cyan-blue-color\"\/>\n\n\n\n<ul class=\"has-vivid-cyan-blue-color has-text-color wp-block-list\"><li>Our El Eden Cardamom Seed presentation comes in whole pods, since the fragrance is lost quickly, and before using the pods they must be crushed; In addition, the seeds can be roasted and ground.<\/li><li>Cardamom seed is the third most expensive spice in the world after saffron and vanilla<\/li><\/ul>\n\n\n\n<hr class=\"wp-block-separator has-text-color has-background has-vivid-cyan-blue-background-color has-vivid-cyan-blue-color\"\/>\n\n\n\n<h1 class=\"has-text-align-center has-vivid-cyan-blue-color has-text-color wp-block-heading\">Usos en la Medicina Tradicional <\/h1>\n\n\n\n<ul class=\"has-vivid-cyan-blue-color has-text-color wp-block-list\"><li>It is used as a digestive, stimulant, carminative, antispasmodic, stimulant tonic in dyspepsia.<\/li><li>The chewed seeds are used to perfume the breath, facilitate digestion and stimulate the appetite.<\/li><li>The infusion of the seeds is used as a stomachic, carminative, in cases of dyspepsia, difficult digestions and as a reliever for colic caused by gases from the digestive system.<\/li><li>Taken with hot wine it is used as a restorative.<\/li><\/ul>\n\n\n\n<hr class=\"wp-block-separator has-text-color has-background has-vivid-cyan-blue-background-color has-vivid-cyan-blue-color\"\/>\n\n\n\n<h1 class=\"has-text-align-center has-vivid-cyan-blue-color has-text-color wp-block-heading\">recommendations<\/h1>\n\n\n\n<ul class=\"has-vivid-cyan-blue-color has-text-color wp-block-list\"><li>For infusion in a cup of water or teaspoon of ground seeds, let stand for 15 minutes<\/li><li> For flatulence or loss of appetite, drink it half an hour before meals <\/li><li>For Halitosis chew the toasted seeds<\/li><\/ul>\n\n\n\n<hr class=\"wp-block-separator has-text-color has-background has-vivid-cyan-blue-background-color has-vivid-cyan-blue-color\"\/>\n\n\n\n<h1 class=\"has-text-align-center has-vivid-cyan-blue-color has-text-color wp-block-heading\">Uses in Gastronomy<\/h1>\n\n\n\n<ul class=\"has-vivid-cyan-blue-color has-text-color wp-block-list\"><li>Flavors sweet liqueurs <\/li><li>It is also used in tarts, pies, punches, mulled wine, and fruit dishes. \u00a0<\/li><li>In Indian and Arab cuisine, cardamom is used in meat and rice dishes and especially coffee that is flavored with ground cardamom<\/li><li>For this, they must be dry roasted, the pod is opened and the seeds are removed.<\/li><\/ul>","protected":false},"excerpt":{"rendered":"<p>Propiedades Nuestra presentaci\u00f3n Semilla de Cardamomo El Eden se presenta en vaina entera, ya que la fragancia se pierde r\u00e1pidamente, y antes de usar las vainas se deben aplastar; adem\u00e1s Las semillas se pueden tostar y moler Semilla Cardamomo es la tercera especia m\u00e1s costosa en el mundo despu\u00e9s del azafr\u00e1n y la vainilla Usos [&hellip;]<\/p>","protected":false},"author":1,"featured_media":0,"parent":0,"menu_order":0,"comment_status":"closed","ping_status":"closed","template":"","meta":{"footnotes":""},"class_list":["post-1707","page","type-page","status-publish","hentry"],"_links":{"self":[{"href":"https:\/\/cm-comercioyrepresentaciones.com\/en\/wp-json\/wp\/v2\/pages\/1707","targetHints":{"allow":["GET"]}}],"collection":[{"href":"https:\/\/cm-comercioyrepresentaciones.com\/en\/wp-json\/wp\/v2\/pages"}],"about":[{"href":"https:\/\/cm-comercioyrepresentaciones.com\/en\/wp-json\/wp\/v2\/types\/page"}],"author":[{"embeddable":true,"href":"https:\/\/cm-comercioyrepresentaciones.com\/en\/wp-json\/wp\/v2\/users\/1"}],"replies":[{"embeddable":true,"href":"https:\/\/cm-comercioyrepresentaciones.com\/en\/wp-json\/wp\/v2\/comments?post=1707"}],"version-history":[{"count":6,"href":"https:\/\/cm-comercioyrepresentaciones.com\/en\/wp-json\/wp\/v2\/pages\/1707\/revisions"}],"predecessor-version":[{"id":1718,"href":"https:\/\/cm-comercioyrepresentaciones.com\/en\/wp-json\/wp\/v2\/pages\/1707\/revisions\/1718"}],"wp:attachment":[{"href":"https:\/\/cm-comercioyrepresentaciones.com\/en\/wp-json\/wp\/v2\/media?parent=1707"}],"curies":[{"name":"wp","href":"https:\/\/api.w.org\/{rel}","templated":true}]}}