{"id":1632,"date":"2021-06-01T00:04:01","date_gmt":"2021-06-01T00:04:01","guid":{"rendered":"https:\/\/cm-comercioyrepresentaciones.com\/?page_id=1632"},"modified":"2021-08-02T22:24:23","modified_gmt":"2021-08-02T22:24:23","slug":"mijo-alimentos-para-pajaro","status":"publish","type":"page","link":"https:\/\/cm-comercioyrepresentaciones.com\/en\/mijo-alimentos-para-pajaro\/","title":{"rendered":"Mijo Alimentos para p\u00e1jaro"},"content":{"rendered":"<div class=\"wp-block-image\"><figure class=\"aligncenter size-large is-resized\"><img loading=\"lazy\" decoding=\"async\" src=\"https:\/\/cm-comercioyrepresentaciones.com\/wp-content\/uploads\/2021\/06\/mijo-para-pajaro-1024x1024.jpg\" alt=\"\" class=\"wp-image-1633\" width=\"619\" height=\"619\" srcset=\"https:\/\/cm-comercioyrepresentaciones.com\/wp-content\/uploads\/2021\/06\/mijo-para-pajaro-1024x1024.jpg 1024w, https:\/\/cm-comercioyrepresentaciones.com\/wp-content\/uploads\/2021\/06\/mijo-para-pajaro-300x300.jpg 300w, https:\/\/cm-comercioyrepresentaciones.com\/wp-content\/uploads\/2021\/06\/mijo-para-pajaro-150x150.jpg 150w, https:\/\/cm-comercioyrepresentaciones.com\/wp-content\/uploads\/2021\/06\/mijo-para-pajaro-768x768.jpg 768w, https:\/\/cm-comercioyrepresentaciones.com\/wp-content\/uploads\/2021\/06\/mijo-para-pajaro-1536x1536.jpg 1536w, https:\/\/cm-comercioyrepresentaciones.com\/wp-content\/uploads\/2021\/06\/mijo-para-pajaro.jpg 1654w\" sizes=\"auto, (max-width: 619px) 100vw, 619px\" \/><\/figure><\/div>\n\n\n\n<hr class=\"wp-block-separator\"\/>\n\n\n\n<h1 class=\"has-text-align-center has-vivid-cyan-blue-color has-text-color wp-block-heading\">Properties<\/h1>\n\n\n\n<ul class=\"has-vivid-cyan-blue-color has-text-color wp-block-list\"><li>El Mijo para aves ElEden es recomendado dar a las aves peque\u00f1as como los inseparables y los periquitos. <\/li><\/ul>\n\n\n\n<ul class=\"has-vivid-cyan-blue-color has-text-color wp-block-list\"><li>Es un cereal ideal ingresar en la dieta de p\u00e1jaros peque\u00f1os y otras aves, disponen un alto nivel de carbohidratos. <\/li><\/ul>\n\n\n\n<ul class=\"has-vivid-cyan-blue-color has-text-color wp-block-list\"><li>Es una semilla que las aves pueden romper con m\u00e1s facilidad y que ademas facilitar su digesti\u00f3n<\/li><\/ul>\n\n\n\n<p><\/p>","protected":false},"excerpt":{"rendered":"<p>Propiedades El Mijo para aves ElEden es recomendado dar a las aves peque\u00f1as como los inseparables y los periquitos. Es un cereal ideal ingresar en la dieta de p\u00e1jaros peque\u00f1os y otras aves, disponen un alto nivel de carbohidratos. Es una semilla que las aves pueden romper con m\u00e1s facilidad y que ademas facilitar su [&hellip;]<\/p>","protected":false},"author":1,"featured_media":0,"parent":0,"menu_order":0,"comment_status":"closed","ping_status":"closed","template":"","meta":{"footnotes":""},"class_list":["post-1632","page","type-page","status-publish","hentry"],"_links":{"self":[{"href":"https:\/\/cm-comercioyrepresentaciones.com\/en\/wp-json\/wp\/v2\/pages\/1632","targetHints":{"allow":["GET"]}}],"collection":[{"href":"https:\/\/cm-comercioyrepresentaciones.com\/en\/wp-json\/wp\/v2\/pages"}],"about":[{"href":"https:\/\/cm-comercioyrepresentaciones.com\/en\/wp-json\/wp\/v2\/types\/page"}],"author":[{"embeddable":true,"href":"https:\/\/cm-comercioyrepresentaciones.com\/en\/wp-json\/wp\/v2\/users\/1"}],"replies":[{"embeddable":true,"href":"https:\/\/cm-comercioyrepresentaciones.com\/en\/wp-json\/wp\/v2\/comments?post=1632"}],"version-history":[{"count":3,"href":"https:\/\/cm-comercioyrepresentaciones.com\/en\/wp-json\/wp\/v2\/pages\/1632\/revisions"}],"predecessor-version":[{"id":1670,"href":"https:\/\/cm-comercioyrepresentaciones.com\/en\/wp-json\/wp\/v2\/pages\/1632\/revisions\/1670"}],"wp:attachment":[{"href":"https:\/\/cm-comercioyrepresentaciones.com\/en\/wp-json\/wp\/v2\/media?parent=1632"}],"curies":[{"name":"wp","href":"https:\/\/api.w.org\/{rel}","templated":true}]}}