{"id":1505,"date":"2021-05-12T23:09:20","date_gmt":"2021-05-12T23:09:20","guid":{"rendered":"https:\/\/cm-comercioyrepresentaciones.com\/?page_id=1505"},"modified":"2021-05-12T23:09:20","modified_gmt":"2021-05-12T23:09:20","slug":"remolacha","status":"publish","type":"page","link":"https:\/\/cm-comercioyrepresentaciones.com\/en\/remolacha\/","title":{"rendered":"Beet"},"content":{"rendered":"<div class=\"wp-block-image\"><figure class=\"aligncenter size-large is-resized\"><img loading=\"lazy\" decoding=\"async\" src=\"https:\/\/cm-comercioyrepresentaciones.com\/wp-content\/uploads\/2021\/05\/image-40.png\" alt=\"\" class=\"wp-image-1506\" width=\"501\" height=\"500\" srcset=\"https:\/\/cm-comercioyrepresentaciones.com\/wp-content\/uploads\/2021\/05\/image-40.png 770w, https:\/\/cm-comercioyrepresentaciones.com\/wp-content\/uploads\/2021\/05\/image-40-300x300.png 300w, https:\/\/cm-comercioyrepresentaciones.com\/wp-content\/uploads\/2021\/05\/image-40-150x150.png 150w, https:\/\/cm-comercioyrepresentaciones.com\/wp-content\/uploads\/2021\/05\/image-40-768x766.png 768w\" sizes=\"auto, (max-width: 501px) 100vw, 501px\" \/><\/figure><\/div>\n\n\n\n<hr class=\"wp-block-separator\"\/>\n\n\n\n<h2 class=\"has-text-align-center has-vivid-cyan-blue-color has-text-color wp-block-heading\">Properties<\/h2>\n\n\n\n<ul class=\"has-vivid-cyan-blue-color has-text-color wp-block-list\"><li>Ayuda a mejorar la resistencia f\u00edsica al incrementar el \u00f3xido n\u00edtrico en sangre, este reduce la cantidad de ox\u00edgeno que se necesita para producir energ\u00eda.<\/li><li>Considerada un super alimento por su alto valor nutricional, sobre todo por c\u00f3mo ayuda en la recuperaci\u00f3n muscular tras la pr\u00e1ctica del ejercicio.<\/li><li>Vitaminas A, B, C y B8 y minerales como potasio, hierro, calcio, f\u00f3sforo, magnesio y calcio<\/li><\/ul>\n\n\n\n<div class=\"wp-block-image\"><figure class=\"aligncenter size-large\"><img loading=\"lazy\" decoding=\"async\" width=\"612\" height=\"602\" src=\"https:\/\/cm-comercioyrepresentaciones.com\/wp-content\/uploads\/2021\/05\/image-41.png\" alt=\"\" class=\"wp-image-1507\" srcset=\"https:\/\/cm-comercioyrepresentaciones.com\/wp-content\/uploads\/2021\/05\/image-41.png 612w, https:\/\/cm-comercioyrepresentaciones.com\/wp-content\/uploads\/2021\/05\/image-41-300x295.png 300w\" sizes=\"auto, (max-width: 612px) 100vw, 612px\" \/><\/figure><\/div>\n\n\n\n<hr class=\"wp-block-separator\"\/>\n\n\n\n<div class=\"wp-block-image\"><figure class=\"aligncenter size-large\"><img loading=\"lazy\" decoding=\"async\" width=\"617\" height=\"539\" src=\"https:\/\/cm-comercioyrepresentaciones.com\/wp-content\/uploads\/2021\/05\/image-43.png\" alt=\"\" class=\"wp-image-1509\" srcset=\"https:\/\/cm-comercioyrepresentaciones.com\/wp-content\/uploads\/2021\/05\/image-43.png 617w, https:\/\/cm-comercioyrepresentaciones.com\/wp-content\/uploads\/2021\/05\/image-43-300x262.png 300w\" sizes=\"auto, (max-width: 617px) 100vw, 617px\" \/><\/figure><\/div>\n\n\n\n<hr class=\"wp-block-separator\"\/>\n\n\n\n<h2 class=\"has-text-align-center has-vivid-cyan-blue-color has-text-color wp-block-heading\">Recipes<\/h2>\n\n\n\n<div class=\"wp-block-image\"><figure class=\"aligncenter size-large\"><img loading=\"lazy\" decoding=\"async\" width=\"611\" height=\"514\" src=\"https:\/\/cm-comercioyrepresentaciones.com\/wp-content\/uploads\/2021\/05\/image-44.png\" alt=\"\" class=\"wp-image-1510\" srcset=\"https:\/\/cm-comercioyrepresentaciones.com\/wp-content\/uploads\/2021\/05\/image-44.png 611w, https:\/\/cm-comercioyrepresentaciones.com\/wp-content\/uploads\/2021\/05\/image-44-300x252.png 300w\" sizes=\"auto, (max-width: 611px) 100vw, 611px\" \/><\/figure><\/div>","protected":false},"excerpt":{"rendered":"<p>Propiedades Ayuda a mejorar la resistencia f\u00edsica al incrementar el \u00f3xido n\u00edtrico en sangre, este reduce la cantidad de ox\u00edgeno que se necesita para producir energ\u00eda. Considerada un super alimento por su alto valor nutricional, sobre todo por c\u00f3mo ayuda en la recuperaci\u00f3n muscular tras la pr\u00e1ctica del ejercicio. Vitaminas A, B, C y B8 [&hellip;]<\/p>","protected":false},"author":1,"featured_media":0,"parent":0,"menu_order":0,"comment_status":"closed","ping_status":"closed","template":"","meta":{"footnotes":""},"class_list":["post-1505","page","type-page","status-publish","hentry"],"_links":{"self":[{"href":"https:\/\/cm-comercioyrepresentaciones.com\/en\/wp-json\/wp\/v2\/pages\/1505","targetHints":{"allow":["GET"]}}],"collection":[{"href":"https:\/\/cm-comercioyrepresentaciones.com\/en\/wp-json\/wp\/v2\/pages"}],"about":[{"href":"https:\/\/cm-comercioyrepresentaciones.com\/en\/wp-json\/wp\/v2\/types\/page"}],"author":[{"embeddable":true,"href":"https:\/\/cm-comercioyrepresentaciones.com\/en\/wp-json\/wp\/v2\/users\/1"}],"replies":[{"embeddable":true,"href":"https:\/\/cm-comercioyrepresentaciones.com\/en\/wp-json\/wp\/v2\/comments?post=1505"}],"version-history":[{"count":1,"href":"https:\/\/cm-comercioyrepresentaciones.com\/en\/wp-json\/wp\/v2\/pages\/1505\/revisions"}],"predecessor-version":[{"id":1511,"href":"https:\/\/cm-comercioyrepresentaciones.com\/en\/wp-json\/wp\/v2\/pages\/1505\/revisions\/1511"}],"wp:attachment":[{"href":"https:\/\/cm-comercioyrepresentaciones.com\/en\/wp-json\/wp\/v2\/media?parent=1505"}],"curies":[{"name":"wp","href":"https:\/\/api.w.org\/{rel}","templated":true}]}}