{"id":1479,"date":"2021-05-12T22:33:33","date_gmt":"2021-05-12T22:33:33","guid":{"rendered":"https:\/\/cm-comercioyrepresentaciones.com\/?page_id=1479"},"modified":"2025-06-20T00:09:39","modified_gmt":"2025-06-20T00:09:39","slug":"broches-plasticos","status":"publish","type":"page","link":"https:\/\/cm-comercioyrepresentaciones.com\/en\/broches-plasticos\/","title":{"rendered":"Broches Pl\u00e1sticos"},"content":{"rendered":"<hr class=\"wp-block-separator has-css-opacity\"\/>\n\n\n\n<div class=\"wp-block-columns is-layout-flex wp-container-core-columns-is-layout-9d6595d7 wp-block-columns-is-layout-flex\">\n<div class=\"wp-block-column is-layout-flow wp-block-column-is-layout-flow\">\n<figure class=\"wp-block-gallery has-nested-images columns-default is-cropped wp-block-gallery-1 is-layout-flex wp-block-gallery-is-layout-flex\">\n<figure class=\"wp-block-image size-large\"><img loading=\"lazy\" decoding=\"async\" width=\"1024\" height=\"1024\" data-id=\"2276\" src=\"https:\/\/cm-comercioyrepresentaciones.com\/wp-content\/uploads\/2025\/06\/broche-xtra-grande-1024x1024.jpeg\" alt=\"Extra Grande\" class=\"wp-image-2276\" srcset=\"https:\/\/cm-comercioyrepresentaciones.com\/wp-content\/uploads\/2025\/06\/broche-xtra-grande-1024x1024.jpeg 1024w, https:\/\/cm-comercioyrepresentaciones.com\/wp-content\/uploads\/2025\/06\/broche-xtra-grande-300x300.jpeg 300w, https:\/\/cm-comercioyrepresentaciones.com\/wp-content\/uploads\/2025\/06\/broche-xtra-grande-150x150.jpeg 150w, https:\/\/cm-comercioyrepresentaciones.com\/wp-content\/uploads\/2025\/06\/broche-xtra-grande-768x768.jpeg 768w, https:\/\/cm-comercioyrepresentaciones.com\/wp-content\/uploads\/2025\/06\/broche-xtra-grande-12x12.jpeg 12w, https:\/\/cm-comercioyrepresentaciones.com\/wp-content\/uploads\/2025\/06\/broche-xtra-grande.jpeg 1280w\" sizes=\"auto, (max-width: 1024px) 100vw, 1024px\" \/><\/figure>\n<\/figure>\n<\/div>\n\n\n\n<div class=\"wp-block-column is-layout-flow wp-block-column-is-layout-flow\">\n<figure class=\"wp-block-image size-large\"><img loading=\"lazy\" decoding=\"async\" width=\"1024\" height=\"1024\" src=\"https:\/\/cm-comercioyrepresentaciones.com\/wp-content\/uploads\/2025\/06\/broche-mediano-1024x1024.png\" alt=\"\" class=\"wp-image-2277\" srcset=\"https:\/\/cm-comercioyrepresentaciones.com\/wp-content\/uploads\/2025\/06\/broche-mediano-1024x1024.png 1024w, https:\/\/cm-comercioyrepresentaciones.com\/wp-content\/uploads\/2025\/06\/broche-mediano-300x300.png 300w, https:\/\/cm-comercioyrepresentaciones.com\/wp-content\/uploads\/2025\/06\/broche-mediano-150x150.png 150w, https:\/\/cm-comercioyrepresentaciones.com\/wp-content\/uploads\/2025\/06\/broche-mediano-768x768.png 768w, https:\/\/cm-comercioyrepresentaciones.com\/wp-content\/uploads\/2025\/06\/broche-mediano-12x12.png 12w, https:\/\/cm-comercioyrepresentaciones.com\/wp-content\/uploads\/2025\/06\/broche-mediano.png 1500w\" sizes=\"auto, (max-width: 1024px) 100vw, 1024px\" \/><\/figure>\n<\/div>\n\n\n\n<div class=\"wp-block-column is-layout-flow wp-block-column-is-layout-flow\">\n<figure class=\"wp-block-image size-large\"><img loading=\"lazy\" decoding=\"async\" width=\"1024\" height=\"1024\" src=\"https:\/\/cm-comercioyrepresentaciones.com\/wp-content\/uploads\/2025\/06\/broche-plastico-pequeno-1024x1024.png\" alt=\"\" class=\"wp-image-2278\" srcset=\"https:\/\/cm-comercioyrepresentaciones.com\/wp-content\/uploads\/2025\/06\/broche-plastico-pequeno-1024x1024.png 1024w, https:\/\/cm-comercioyrepresentaciones.com\/wp-content\/uploads\/2025\/06\/broche-plastico-pequeno-300x300.png 300w, https:\/\/cm-comercioyrepresentaciones.com\/wp-content\/uploads\/2025\/06\/broche-plastico-pequeno-150x150.png 150w, https:\/\/cm-comercioyrepresentaciones.com\/wp-content\/uploads\/2025\/06\/broche-plastico-pequeno-768x768.png 768w, https:\/\/cm-comercioyrepresentaciones.com\/wp-content\/uploads\/2025\/06\/broche-plastico-pequeno-12x12.png 12w, https:\/\/cm-comercioyrepresentaciones.com\/wp-content\/uploads\/2025\/06\/broche-plastico-pequeno.png 1500w\" sizes=\"auto, (max-width: 1024px) 100vw, 1024px\" \/><\/figure>\n<\/div>\n<\/div>\n\n\n\n<p class=\"has-vivid-cyan-blue-color has-text-color has-link-color wp-elements-d8c2ea4609945611f7d3cc6958656ce2\">              Extra Grande                                                Grande                                               Peque\u00f1o<\/p>\n\n\n\n<hr class=\"wp-block-separator has-text-color has-vivid-cyan-blue-color has-alpha-channel-opacity has-vivid-cyan-blue-background-color has-background\"\/>\n\n\n\n<p class=\"has-vivid-cyan-blue-color has-text-color has-link-color wp-elements-54cc902732e9cc27639da2e92ade7b2e\">\ud83c\udf1f Broche pl\u00e1stico para alimentos: conserva frescura, evita desperdicios<\/p>\n\n\n\n<p class=\"has-vivid-cyan-blue-color has-text-color has-link-color wp-elements-6444bfcf98d4c89b820e9b9eebf1ad9c\">Nuestros broches, fabricados en <strong>polipropileno (PP)<\/strong> de grado alimenticio, son seguros, resistentes y reutilizables, dise\u00f1ados especialmente para mantener tus alimentos frescos por m\u00e1s tiempo.<\/p>\n\n\n\n<p class=\"has-vivid-cyan-blue-color has-text-color has-link-color wp-elements-48e5c8d01a0ff96620bcf56f2bbe11a0\">\ud83c\udf1f Mant\u00e9n la frescura con estilo y sin esfuerzo<\/p>\n\n\n\n<ul class=\"wp-block-list has-vivid-cyan-blue-color has-text-color\">\n<li>\ud83d\udee1\ufe0f Con nuestros broches pl\u00e1sticos de primera calidad, tus productos se mantienen como si acabaran de abrirse:<\/li>\n\n\n\n<li><strong>Conservaci\u00f3n impecable<\/strong><br>Sellan bolsas de snacks, cereales y alimentos congelados, evitando el ingreso de aire que provoca oxidaci\u00f3n, p\u00e9rdida de sabor y frescura <\/li>\n\n\n\n<li><strong>Dise\u00f1o seguro y duradero<\/strong><br>Fabricados con pl\u00e1stico libre de BPA, nuestros broches combinan resistencia t\u00e9rmica y ligereza, garantizando una conservaci\u00f3n fiable y prolongada <\/li>\n\n\n\n<li><strong>Versatilidad en cada uso<\/strong><br>Ideales para mantener frescura en bolsas de pan, frutos secos, verduras, hierbas frescas<\/li>\n<\/ul>\n\n\n\n<hr class=\"wp-block-separator has-text-color has-vivid-cyan-blue-color has-alpha-channel-opacity has-vivid-cyan-blue-background-color has-background\"\/>\n\n\n\n<div class=\"wp-block-buttons is-content-justification-right is-layout-flex wp-container-core-buttons-is-layout-765c4724 wp-block-buttons-is-layout-flex\">\n<div class=\"wp-block-button\"><a class=\"wp-block-button__link has-vivid-cyan-blue-background-color has-background wp-element-button\" href=\"https:\/\/cm-comercioyrepresentaciones.com\/en\/hogar\/\">Go back<\/a><\/div>\n<\/div>","protected":false},"excerpt":{"rendered":"<p>Extra Grande Grande Peque\u00f1o \ud83c\udf1f Broche pl\u00e1stico para alimentos: conserva frescura, evita desperdicios Nuestros broches, fabricados en polipropileno (PP) de grado alimenticio, son seguros, resistentes y reutilizables, dise\u00f1ados especialmente para mantener tus alimentos frescos por m\u00e1s tiempo. \ud83c\udf1f Mant\u00e9n la frescura con estilo y sin esfuerzo<\/p>","protected":false},"author":1,"featured_media":0,"parent":0,"menu_order":0,"comment_status":"closed","ping_status":"closed","template":"","meta":{"footnotes":""},"class_list":["post-1479","page","type-page","status-publish","hentry"],"_links":{"self":[{"href":"https:\/\/cm-comercioyrepresentaciones.com\/en\/wp-json\/wp\/v2\/pages\/1479","targetHints":{"allow":["GET"]}}],"collection":[{"href":"https:\/\/cm-comercioyrepresentaciones.com\/en\/wp-json\/wp\/v2\/pages"}],"about":[{"href":"https:\/\/cm-comercioyrepresentaciones.com\/en\/wp-json\/wp\/v2\/types\/page"}],"author":[{"embeddable":true,"href":"https:\/\/cm-comercioyrepresentaciones.com\/en\/wp-json\/wp\/v2\/users\/1"}],"replies":[{"embeddable":true,"href":"https:\/\/cm-comercioyrepresentaciones.com\/en\/wp-json\/wp\/v2\/comments?post=1479"}],"version-history":[{"count":7,"href":"https:\/\/cm-comercioyrepresentaciones.com\/en\/wp-json\/wp\/v2\/pages\/1479\/revisions"}],"predecessor-version":[{"id":2279,"href":"https:\/\/cm-comercioyrepresentaciones.com\/en\/wp-json\/wp\/v2\/pages\/1479\/revisions\/2279"}],"wp:attachment":[{"href":"https:\/\/cm-comercioyrepresentaciones.com\/en\/wp-json\/wp\/v2\/media?parent=1479"}],"curies":[{"name":"wp","href":"https:\/\/api.w.org\/{rel}","templated":true}]}}