{"id":1429,"date":"2021-05-11T23:23:12","date_gmt":"2021-05-11T23:23:12","guid":{"rendered":"https:\/\/cm-comercioyrepresentaciones.com\/?page_id=1429"},"modified":"2021-05-31T21:44:38","modified_gmt":"2021-05-31T21:44:38","slug":"jabon-de-canela","status":"publish","type":"page","link":"https:\/\/cm-comercioyrepresentaciones.com\/en\/jabon-de-canela\/","title":{"rendered":"Jab\u00f3n de Canela"},"content":{"rendered":"<div class=\"wp-block-image\"><figure class=\"aligncenter size-large\"><img loading=\"lazy\" decoding=\"async\" width=\"1024\" height=\"683\" src=\"https:\/\/cm-comercioyrepresentaciones.com\/wp-content\/uploads\/2021\/05\/jaboncanela-1-1024x683.jpg\" alt=\"\" class=\"wp-image-1601\" srcset=\"https:\/\/cm-comercioyrepresentaciones.com\/wp-content\/uploads\/2021\/05\/jaboncanela-1-1024x683.jpg 1024w, https:\/\/cm-comercioyrepresentaciones.com\/wp-content\/uploads\/2021\/05\/jaboncanela-1-300x200.jpg 300w, https:\/\/cm-comercioyrepresentaciones.com\/wp-content\/uploads\/2021\/05\/jaboncanela-1-768x512.jpg 768w, https:\/\/cm-comercioyrepresentaciones.com\/wp-content\/uploads\/2021\/05\/jaboncanela-1-1536x1024.jpg 1536w, https:\/\/cm-comercioyrepresentaciones.com\/wp-content\/uploads\/2021\/05\/jaboncanela-1.jpg 1800w\" sizes=\"auto, (max-width: 1024px) 100vw, 1024px\" \/><\/figure><\/div>\n\n\n\n<hr class=\"wp-block-separator\"\/>\n\n\n\n<h2 class=\"has-text-align-center has-vivid-cyan-blue-color has-text-color wp-block-heading\">Properties<\/h2>\n\n\n\n<ul class=\"has-vivid-cyan-blue-color has-text-color wp-block-list\"><li>Aroma c\u00e1lido oriental y embriagador<\/li><li>La canela es antis\u00e9ptica, estimulante y afrodisiaca<\/li><\/ul>\n\n\n\n<hr class=\"wp-block-separator\"\/>\n\n\n\n<h2 class=\"has-text-align-center has-vivid-cyan-blue-color has-text-color wp-block-heading\">Beneficios<\/h2>\n\n\n\n<ul class=\"has-vivid-cyan-blue-color has-text-color wp-block-list\"><li>Limpiador exhaustivo de la piel, elimina puntos negros y retira las c\u00e9lulas muertas acumuladas en la piel<\/li><li>Estimula la circulaci\u00f3n sangu\u00ednea, elimina la sequedad en la piel ya que hidrata profundamente<\/li><li>Todas estas propiedades previenen el envejecimiento prematuro y aporta elasticidad y suavidad a la piel<\/li><li>La canela act\u00faa como desintoxicante, calmante, cicatrizante y antiinflamatoria. Tiene un elevado poder antibi\u00f3tico y antis\u00e9ptico. Lo que lo convierte en un jab\u00f3n tan poderoso como los jabones antibacteriales comerciales.<\/li><li>Es muy recomendable su uso para tratar infecciones por hongos. Puede activar las funciones cut\u00e1neas pues estimula el tr\u00e1nsito de los nutrientes hacia la piel. Astringente. Tiene un elevado poder de astringencia lo que le ayuda a controlar el exceso de grasa y sudor en la piel. Esto lo hace ideal para controlar el acn\u00e9, eczema y otros problemas de la piel.<\/li><\/ul>\n\n\n\n<div class=\"wp-block-image\"><figure class=\"aligncenter size-large\"><img loading=\"lazy\" decoding=\"async\" width=\"607\" height=\"583\" src=\"https:\/\/cm-comercioyrepresentaciones.com\/wp-content\/uploads\/2021\/05\/image-20.png\" alt=\"\" class=\"wp-image-1434\" srcset=\"https:\/\/cm-comercioyrepresentaciones.com\/wp-content\/uploads\/2021\/05\/image-20.png 607w, https:\/\/cm-comercioyrepresentaciones.com\/wp-content\/uploads\/2021\/05\/image-20-300x288.png 300w\" sizes=\"auto, (max-width: 607px) 100vw, 607px\" \/><\/figure><\/div>","protected":false},"excerpt":{"rendered":"<p>Propiedades Aroma c\u00e1lido oriental y embriagador La canela es antis\u00e9ptica, estimulante y afrodisiaca Beneficios Limpiador exhaustivo de la piel, elimina puntos negros y retira las c\u00e9lulas muertas acumuladas en la piel Estimula la circulaci\u00f3n sangu\u00ednea, elimina la sequedad en la piel ya que hidrata profundamente Todas estas propiedades previenen el envejecimiento prematuro y aporta elasticidad [&hellip;]<\/p>","protected":false},"author":1,"featured_media":0,"parent":0,"menu_order":0,"comment_status":"closed","ping_status":"closed","template":"","meta":{"footnotes":""},"class_list":["post-1429","page","type-page","status-publish","hentry"],"_links":{"self":[{"href":"https:\/\/cm-comercioyrepresentaciones.com\/en\/wp-json\/wp\/v2\/pages\/1429","targetHints":{"allow":["GET"]}}],"collection":[{"href":"https:\/\/cm-comercioyrepresentaciones.com\/en\/wp-json\/wp\/v2\/pages"}],"about":[{"href":"https:\/\/cm-comercioyrepresentaciones.com\/en\/wp-json\/wp\/v2\/types\/page"}],"author":[{"embeddable":true,"href":"https:\/\/cm-comercioyrepresentaciones.com\/en\/wp-json\/wp\/v2\/users\/1"}],"replies":[{"embeddable":true,"href":"https:\/\/cm-comercioyrepresentaciones.com\/en\/wp-json\/wp\/v2\/comments?post=1429"}],"version-history":[{"count":2,"href":"https:\/\/cm-comercioyrepresentaciones.com\/en\/wp-json\/wp\/v2\/pages\/1429\/revisions"}],"predecessor-version":[{"id":1602,"href":"https:\/\/cm-comercioyrepresentaciones.com\/en\/wp-json\/wp\/v2\/pages\/1429\/revisions\/1602"}],"wp:attachment":[{"href":"https:\/\/cm-comercioyrepresentaciones.com\/en\/wp-json\/wp\/v2\/media?parent=1429"}],"curies":[{"name":"wp","href":"https:\/\/api.w.org\/{rel}","templated":true}]}}