{"id":1428,"date":"2021-05-11T23:18:53","date_gmt":"2021-05-11T23:18:53","guid":{"rendered":"https:\/\/cm-comercioyrepresentaciones.com\/?page_id=1428"},"modified":"2021-05-31T21:37:36","modified_gmt":"2021-05-31T21:37:36","slug":"jabon-de-cafe","status":"publish","type":"page","link":"https:\/\/cm-comercioyrepresentaciones.com\/en\/jabon-de-cafe\/","title":{"rendered":"Jab\u00f3n de Caf\u00e9"},"content":{"rendered":"<div class=\"wp-block-image\"><figure class=\"aligncenter size-large is-resized\"><img loading=\"lazy\" decoding=\"async\" src=\"https:\/\/cm-comercioyrepresentaciones.com\/wp-content\/uploads\/2021\/05\/jaboncafe-1-1024x683.jpg\" alt=\"\" class=\"wp-image-1597\" width=\"569\" height=\"379\" srcset=\"https:\/\/cm-comercioyrepresentaciones.com\/wp-content\/uploads\/2021\/05\/jaboncafe-1-1024x683.jpg 1024w, https:\/\/cm-comercioyrepresentaciones.com\/wp-content\/uploads\/2021\/05\/jaboncafe-1-300x200.jpg 300w, https:\/\/cm-comercioyrepresentaciones.com\/wp-content\/uploads\/2021\/05\/jaboncafe-1-768x512.jpg 768w, https:\/\/cm-comercioyrepresentaciones.com\/wp-content\/uploads\/2021\/05\/jaboncafe-1-1536x1024.jpg 1536w, https:\/\/cm-comercioyrepresentaciones.com\/wp-content\/uploads\/2021\/05\/jaboncafe-1.jpg 1800w\" sizes=\"auto, (max-width: 569px) 100vw, 569px\" \/><\/figure><\/div>\n\n\n\n<hr class=\"wp-block-separator\"\/>\n\n\n\n<h2 class=\"has-text-align-center has-vivid-cyan-blue-color has-text-color wp-block-heading\">Properties<\/h2>\n\n\n\n<ul class=\"has-vivid-cyan-blue-color has-text-color wp-block-list\"><li>Desintoxicante, reafirmante y estimulante de la circulaci\u00f3n<\/li><li>Excelente contra la celulitis y problemas circulatorios<\/li><li>Un encantador antioxidante natural<\/li><li>Buen aliado contra el envejecimiento prematuro porque neutraliza la acci\u00f3n de los radicales que causan las arrugas<\/li><li>Jab\u00f3n de caf\u00e9, para despertar la piel, la mente y el resto del cuerpo con la energ\u00eda necesaria para acometer una nueva jornada de trabajo o estudio<\/li><li>El caf\u00e9 es rico en varios nutrientes esenciales para la renovaci\u00f3n celular, el caf\u00e9 ayuda a mantener la piel m\u00e1s firme y radiante<\/li><li>Los efectos estimulantes del caf\u00e9 son ideales y de gran ayuda a la hora de eliminar toxinas y grasas y tambi\u00e9n a la hora de conseguir una piel m\u00e1s tersa. Aplicado sobre la piel el caf\u00e9 tiene propiedades desintoxicantes, estimulantes de la circulaci\u00f3n sangu\u00ednea y reafirmantes que lo hacen un buen aliado contra las varices y la celulitis<\/li><\/ul>\n\n\n\n<hr class=\"wp-block-separator\"\/>\n\n\n\n<h2 class=\"has-text-align-center has-vivid-cyan-blue-color has-text-color wp-block-heading\">Beneficios<\/h2>\n\n\n\n<ul class=\"has-vivid-cyan-blue-color has-text-color wp-block-list\"><li>Tiene propiedades estimulantes, que adem\u00e1s tiene un alto poder desodorizante; te sentir\u00e1s limpio y fresco todo el d\u00eda<\/li><li>Este jab\u00f3n es un excelente exfoliante que elimina las c\u00e9lulas muertas y activa la circulaci\u00f3n sangu\u00ednea en todo el cuerpo. Los granos de caf\u00e9 ayudan a exfoliar y a nutrir, ya que se calientan en contacto con la piel, liberando sus propiedades nutricionales<\/li><li>Si no exfoliamos la piel peri\u00f3dicamente, la piel se vuelve opaca y seca, m\u00e1s propensa a la inflamaci\u00f3n y a la aparici\u00f3n de acn\u00e9 y espinillas<\/li><li>Adem\u00e1s, es antiinflamatorio y alivia la hinchaz\u00f3n, con acci\u00f3n astringente. El jab\u00f3n de caf\u00e9 limpia, calma y nutre la piel<\/li><li>Cuando apliques nuestro jab\u00f3n de caf\u00e9 en la piel, se activara el elemento m\u00e1s potente, que es la cafe\u00edna este puede combatir:  arrugas, calmar o controlar el enrojecimiento, reducir la hinchaz\u00f3n o inflamaci\u00f3n en personas con piel sensible, <\/li><li>De cuerdo con nuevos estudios, ayuda a aprevenir el c\u00e1ncer en la piel. &nbsp;por su efectividad para calmar la irritaci\u00f3n, se cree que la cafe\u00edna puede ser un importante auxiliar en el tratamiento de la piel sensible y la ros\u00e1cea<\/li><\/ul>\n\n\n\n<div class=\"wp-block-image\"><figure class=\"aligncenter size-large\"><img loading=\"lazy\" decoding=\"async\" width=\"606\" height=\"534\" src=\"https:\/\/cm-comercioyrepresentaciones.com\/wp-content\/uploads\/2021\/05\/image-19.png\" alt=\"\" class=\"wp-image-1432\" srcset=\"https:\/\/cm-comercioyrepresentaciones.com\/wp-content\/uploads\/2021\/05\/image-19.png 606w, https:\/\/cm-comercioyrepresentaciones.com\/wp-content\/uploads\/2021\/05\/image-19-300x264.png 300w\" sizes=\"auto, (max-width: 606px) 100vw, 606px\" \/><\/figure><\/div>","protected":false},"excerpt":{"rendered":"<p>Propiedades Desintoxicante, reafirmante y estimulante de la circulaci\u00f3n Excelente contra la celulitis y problemas circulatorios Un encantador antioxidante natural Buen aliado contra el envejecimiento prematuro porque neutraliza la acci\u00f3n de los radicales que causan las arrugas Jab\u00f3n de caf\u00e9, para despertar la piel, la mente y el resto del cuerpo con la energ\u00eda necesaria para [&hellip;]<\/p>","protected":false},"author":1,"featured_media":0,"parent":0,"menu_order":0,"comment_status":"closed","ping_status":"closed","template":"","meta":{"footnotes":""},"class_list":["post-1428","page","type-page","status-publish","hentry"],"_links":{"self":[{"href":"https:\/\/cm-comercioyrepresentaciones.com\/en\/wp-json\/wp\/v2\/pages\/1428","targetHints":{"allow":["GET"]}}],"collection":[{"href":"https:\/\/cm-comercioyrepresentaciones.com\/en\/wp-json\/wp\/v2\/pages"}],"about":[{"href":"https:\/\/cm-comercioyrepresentaciones.com\/en\/wp-json\/wp\/v2\/types\/page"}],"author":[{"embeddable":true,"href":"https:\/\/cm-comercioyrepresentaciones.com\/en\/wp-json\/wp\/v2\/users\/1"}],"replies":[{"embeddable":true,"href":"https:\/\/cm-comercioyrepresentaciones.com\/en\/wp-json\/wp\/v2\/comments?post=1428"}],"version-history":[{"count":2,"href":"https:\/\/cm-comercioyrepresentaciones.com\/en\/wp-json\/wp\/v2\/pages\/1428\/revisions"}],"predecessor-version":[{"id":1598,"href":"https:\/\/cm-comercioyrepresentaciones.com\/en\/wp-json\/wp\/v2\/pages\/1428\/revisions\/1598"}],"wp:attachment":[{"href":"https:\/\/cm-comercioyrepresentaciones.com\/en\/wp-json\/wp\/v2\/media?parent=1428"}],"curies":[{"name":"wp","href":"https:\/\/api.w.org\/{rel}","templated":true}]}}