{"id":1406,"date":"2021-05-11T22:48:59","date_gmt":"2021-05-11T22:48:59","guid":{"rendered":"https:\/\/cm-comercioyrepresentaciones.com\/?page_id=1406"},"modified":"2024-05-09T17:49:54","modified_gmt":"2024-05-09T17:49:54","slug":"jabon-de-arroz","status":"publish","type":"page","link":"https:\/\/cm-comercioyrepresentaciones.com\/en\/jabon-de-arroz\/","title":{"rendered":"Jab\u00f3n de Arroz"},"content":{"rendered":"<div class=\"is-default-size wp-block-site-logo\"><a href=\"https:\/\/cm-comercioyrepresentaciones.com\/en\/\" class=\"custom-logo-link\" rel=\"home\"><img loading=\"lazy\" decoding=\"async\" width=\"746\" height=\"750\" src=\"https:\/\/cm-comercioyrepresentaciones.com\/wp-content\/uploads\/2021\/03\/perfil_cm-3.jpg\" class=\"custom-logo\" alt=\"\" srcset=\"https:\/\/cm-comercioyrepresentaciones.com\/wp-content\/uploads\/2021\/03\/perfil_cm-3.jpg 746w, https:\/\/cm-comercioyrepresentaciones.com\/wp-content\/uploads\/2021\/03\/perfil_cm-3-298x300.jpg 298w, https:\/\/cm-comercioyrepresentaciones.com\/wp-content\/uploads\/2021\/03\/perfil_cm-3-150x150.jpg 150w\" sizes=\"auto, (max-width: 746px) 100vw, 746px\" \/><\/a><\/div>\n\n<div class=\"wp-block-image\">\n<figure class=\"aligncenter size-full is-resized\"><img loading=\"lazy\" decoding=\"async\" width=\"625\" height=\"399\" src=\"https:\/\/cm-comercioyrepresentaciones.com\/wp-content\/uploads\/2024\/02\/jabon-arroz.png\" alt=\"\" class=\"wp-image-2196\" style=\"aspect-ratio:1.4972067039106145;width:372px;height:auto\" srcset=\"https:\/\/cm-comercioyrepresentaciones.com\/wp-content\/uploads\/2024\/02\/jabon-arroz.png 625w, https:\/\/cm-comercioyrepresentaciones.com\/wp-content\/uploads\/2024\/02\/jabon-arroz-300x192.png 300w, https:\/\/cm-comercioyrepresentaciones.com\/wp-content\/uploads\/2024\/02\/jabon-arroz-18x12.png 18w\" sizes=\"auto, (max-width: 625px) 100vw, 625px\" \/><\/figure>\n<\/div>\n\n\n<hr class=\"wp-block-separator has-css-opacity\"\/>\n\n\n\n<h2 class=\"wp-block-heading has-text-align-center has-vivid-cyan-blue-color has-text-color\">Properties<\/h2>\n\n\n\n<ul class=\"has-vivid-cyan-blue-color has-text-color wp-block-list\">\n<li>El polvo de arroz tiene propiedad<\/li>\n\n\n\n<li>es antioxidantes, ilumina e iguala la tez. <\/li>\n\n\n\n<li>El polvo de arroz presenta una actividad anti elastasa que difumina las arrugas, reduce el aspecto de los poros dilatados y difumina la luz. <\/li>\n\n\n\n<li>Est\u00e1 indicado para pieles sensibles, irritadas, con acn\u00e9 o granos e incluso para la piel del beb\u00e9.<\/li>\n\n\n\n<li>El arroz aporta numerosos e incre\u00edbles beneficios para nuestra piel. <\/li>\n\n\n\n<li>Podemos utilizarlo para aliviar eczemas, lesiones, aclarar manchas oscuras y mucho m\u00e1s. <\/li>\n\n\n\n<li>El jab\u00f3n de arroz es una manera de aprovecharlo y es uno de los jabones naturales m\u00e1s beneficiosos que existen, se emplea en pa\u00edses asi\u00e1ticos por sus notables propiedades<\/li>\n\n\n\n<li>El arroz puede cambiar la textura y claridad de la piel, unificando y aclarando cualquier mancha oscura que puedas presentar.<\/li>\n<\/ul>\n\n\n\n<hr class=\"wp-block-separator has-text-color has-vivid-cyan-blue-color has-alpha-channel-opacity has-vivid-cyan-blue-background-color has-background\"\/>\n\n\n\n<h2 class=\"wp-block-heading has-text-align-center has-vivid-cyan-blue-color has-text-color\">Beneficios<\/h2>\n\n\n\n<ul class=\"has-vivid-cyan-blue-color has-text-color wp-block-list\">\n<li>Las maravillosas propiedades de este jab\u00f3n se deben a su elevado contenido de vitamina E y otros antioxidantes que contribuyen a la salud de la piel. Para disfrutar de sus propiedades puedes utilizarlo para lavar tu rostro o como un jab\u00f3n para la ducha.<\/li>\n\n\n\n<li>El jab\u00f3n de arroz contiene tal cantidad de nutrientes que deja la dermis lisa, suave y con un aspecto joven y muy saludable.<\/li>\n\n\n\n<li>Este jab\u00f3n contiene elevadas cantidades de vitaminas de potasio, complejo B, hierro, \u00e1cido f\u00f3lico, zinc y magnesio.<\/li>\n\n\n\n<li>Protege la piel de los rayos UV del sol, combate la inflamaci\u00f3n e irritaci\u00f3n que produce la exposici\u00f3n y previene el envejecimiento prematuro.<\/li>\n\n\n\n<li>El arroz contiene inositol, una sustancia que promueve el cremento celular y estimula el flujo sangu\u00edneo. Estos dos elementos son importantes para prevenir las marcas de la edad y para reducir los poros abiertos.<\/li>\n\n\n\n<li>El arroz permite tratar diversas afecciones en la piel. Desde eczemas hasta manchas oscuras y otro tipo de lesiones, puede aliviarlas de manera r\u00e1pida y efectiva.<\/li>\n\n\n\n<li>Seg\u00fan investigaciones recientes, el almid\u00f3n de arroz es muy efectivo para aliviar las lesiones de piel seca del eczema.<\/li>\n\n\n\n<li>Promueve la producci\u00f3n de col\u00e1geno<\/li>\n\n\n\n<li>El arroz contiene \u00e1cidos linoleicos y escualeno, un poderoso antioxidante. Estas sustancias promueven la producci\u00f3n de col\u00e1geno en la piel evitando la formaci\u00f3n de las antiest\u00e9ticas arrugas.<\/li>\n<\/ul>\n\n\n\n<hr class=\"wp-block-separator has-text-color has-vivid-cyan-blue-color has-alpha-channel-opacity has-vivid-cyan-blue-background-color has-background\"\/>\n\n\n\n<div class=\"wp-block-buttons is-content-justification-right is-layout-flex wp-container-core-buttons-is-layout-765c4724 wp-block-buttons-is-layout-flex\">\n<div class=\"wp-block-button has-custom-width wp-block-button__width-25 is-style-outline is-style-outline--1\"><a class=\"wp-block-button__link has-vivid-cyan-blue-color has-white-background-color has-text-color has-background has-link-color wp-element-button\" href=\"https:\/\/cm-comercioyrepresentaciones.com\/en\/magiaromacm\/\">Go back<\/a><\/div>\n<\/div>","protected":false},"excerpt":{"rendered":"<p>Propiedades Beneficios<\/p>","protected":false},"author":1,"featured_media":0,"parent":0,"menu_order":0,"comment_status":"closed","ping_status":"closed","template":"","meta":{"footnotes":""},"class_list":["post-1406","page","type-page","status-publish","hentry"],"_links":{"self":[{"href":"https:\/\/cm-comercioyrepresentaciones.com\/en\/wp-json\/wp\/v2\/pages\/1406","targetHints":{"allow":["GET"]}}],"collection":[{"href":"https:\/\/cm-comercioyrepresentaciones.com\/en\/wp-json\/wp\/v2\/pages"}],"about":[{"href":"https:\/\/cm-comercioyrepresentaciones.com\/en\/wp-json\/wp\/v2\/types\/page"}],"author":[{"embeddable":true,"href":"https:\/\/cm-comercioyrepresentaciones.com\/en\/wp-json\/wp\/v2\/users\/1"}],"replies":[{"embeddable":true,"href":"https:\/\/cm-comercioyrepresentaciones.com\/en\/wp-json\/wp\/v2\/comments?post=1406"}],"version-history":[{"count":7,"href":"https:\/\/cm-comercioyrepresentaciones.com\/en\/wp-json\/wp\/v2\/pages\/1406\/revisions"}],"predecessor-version":[{"id":2211,"href":"https:\/\/cm-comercioyrepresentaciones.com\/en\/wp-json\/wp\/v2\/pages\/1406\/revisions\/2211"}],"wp:attachment":[{"href":"https:\/\/cm-comercioyrepresentaciones.com\/en\/wp-json\/wp\/v2\/media?parent=1406"}],"curies":[{"name":"wp","href":"https:\/\/api.w.org\/{rel}","templated":true}]}}