{"id":1387,"date":"2021-05-11T22:13:24","date_gmt":"2021-05-11T22:13:24","guid":{"rendered":"https:\/\/cm-comercioyrepresentaciones.com\/?page_id=1387"},"modified":"2021-06-01T21:28:32","modified_gmt":"2021-06-01T21:28:32","slug":"harina-de-coco","status":"publish","type":"page","link":"https:\/\/cm-comercioyrepresentaciones.com\/en\/harina-de-coco\/","title":{"rendered":"Harina de Coco"},"content":{"rendered":"<div class=\"wp-block-image\"><figure class=\"aligncenter size-large is-resized\"><img loading=\"lazy\" decoding=\"async\" src=\"https:\/\/cm-comercioyrepresentaciones.com\/wp-content\/uploads\/2021\/05\/harinadecoco.jpg\" alt=\"\" class=\"wp-image-1388\" width=\"581\" height=\"579\" srcset=\"https:\/\/cm-comercioyrepresentaciones.com\/wp-content\/uploads\/2021\/05\/harinadecoco.jpg 770w, https:\/\/cm-comercioyrepresentaciones.com\/wp-content\/uploads\/2021\/05\/harinadecoco-300x300.jpg 300w, https:\/\/cm-comercioyrepresentaciones.com\/wp-content\/uploads\/2021\/05\/harinadecoco-150x150.jpg 150w, https:\/\/cm-comercioyrepresentaciones.com\/wp-content\/uploads\/2021\/05\/harinadecoco-768x765.jpg 768w\" sizes=\"auto, (max-width: 581px) 100vw, 581px\" \/><\/figure><\/div>\n\n\n\n<hr class=\"wp-block-separator\"\/>\n\n\n\n<h1 class=\"has-text-align-center has-vivid-cyan-blue-color has-text-color wp-block-heading\">Properties<\/h1>\n\n\n\n<ul id=\"block-289f0f62-aba3-459e-b96a-a573aa03e371\" class=\"has-vivid-cyan-blue-color has-text-color wp-block-list\"><li>Tendr\u00e1 diferentes texturas dependiendo de la preparaci\u00f3n que le des, puedes incorporarle frutas o verduras trituradas, compotas o pur\u00e9.<\/li><li>Si la quieres suavecita puedes a\u00f1adirle yogur, o nata, y destinar tu masa para tortas, gofres o brownies.<\/li><li>Hay personas que pueden manifestar hinchaz\u00f3n por el consumo de la harina de coco debido a que por su alto contenido de fibra.<\/li><li>Tomando en cuenta que la fibra es el principal componente de la harina de coco existe el riesgo de sufrir irritaciones en el intestino.<\/li><li>Genera saciedad ya que por ser en su mayor\u00eda fibra solo dar\u00e1 al est\u00f3mago la sensaci\u00f3n de llenura siendo breves sus efectos en la estabilizaci\u00f3n del az\u00facar en la sangre y la insulina.<\/li><li>En el caso de personas que presentan herpes y que est\u00e9n recibiendo tratamiento con lisina el consumo de harina de coco no es recomendable ya que la misma posee arginina la cual, en grandes cantidades presenta conflicto con la lisina haciendo que los s\u00edntomas de estas patolog\u00edas se manifiesten con mayor intensidad.<\/li><\/ul>\n\n\n\n<div class=\"wp-block-image\"><figure class=\"aligncenter size-large is-resized\"><img loading=\"lazy\" decoding=\"async\" src=\"https:\/\/cm-comercioyrepresentaciones.com\/wp-content\/uploads\/2021\/05\/image-10.png\" alt=\"\" class=\"wp-image-1396\" width=\"595\" height=\"513\" srcset=\"https:\/\/cm-comercioyrepresentaciones.com\/wp-content\/uploads\/2021\/05\/image-10.png 618w, https:\/\/cm-comercioyrepresentaciones.com\/wp-content\/uploads\/2021\/05\/image-10-300x259.png 300w\" sizes=\"auto, (max-width: 595px) 100vw, 595px\" \/><\/figure><\/div>\n\n\n\n<hr class=\"wp-block-separator\"\/>\n\n\n\n<h2 class=\"has-text-align-center has-vivid-cyan-blue-color has-text-color wp-block-heading\">Recipes<\/h2>\n\n\n\n<div class=\"wp-block-image\"><figure class=\"aligncenter size-large is-resized\"><img loading=\"lazy\" decoding=\"async\" src=\"https:\/\/cm-comercioyrepresentaciones.com\/wp-content\/uploads\/2021\/05\/image-7.png\" alt=\"\" class=\"wp-image-1393\" width=\"568\" height=\"484\" srcset=\"https:\/\/cm-comercioyrepresentaciones.com\/wp-content\/uploads\/2021\/05\/image-7.png 608w, https:\/\/cm-comercioyrepresentaciones.com\/wp-content\/uploads\/2021\/05\/image-7-300x256.png 300w\" sizes=\"auto, (max-width: 568px) 100vw, 568px\" \/><\/figure><\/div>\n\n\n\n<div class=\"wp-block-image\"><figure class=\"aligncenter size-large is-resized\"><img loading=\"lazy\" decoding=\"async\" src=\"https:\/\/cm-comercioyrepresentaciones.com\/wp-content\/uploads\/2021\/05\/image-9.png\" alt=\"\" class=\"wp-image-1395\" width=\"577\" height=\"492\" srcset=\"https:\/\/cm-comercioyrepresentaciones.com\/wp-content\/uploads\/2021\/05\/image-9.png 606w, https:\/\/cm-comercioyrepresentaciones.com\/wp-content\/uploads\/2021\/05\/image-9-300x256.png 300w\" sizes=\"auto, (max-width: 577px) 100vw, 577px\" \/><\/figure><\/div>\n\n\n\n<p><\/p>","protected":false},"excerpt":{"rendered":"<p>Propiedades Tendr\u00e1 diferentes texturas dependiendo de la preparaci\u00f3n que le des, puedes incorporarle frutas o verduras trituradas, compotas o pur\u00e9. Si la quieres suavecita puedes a\u00f1adirle yogur, o nata, y destinar tu masa para tortas, gofres o brownies. Hay personas que pueden manifestar hinchaz\u00f3n por el consumo de la harina de coco debido a que [&hellip;]<\/p>","protected":false},"author":1,"featured_media":0,"parent":0,"menu_order":0,"comment_status":"closed","ping_status":"closed","template":"","meta":{"footnotes":""},"class_list":["post-1387","page","type-page","status-publish","hentry"],"_links":{"self":[{"href":"https:\/\/cm-comercioyrepresentaciones.com\/en\/wp-json\/wp\/v2\/pages\/1387","targetHints":{"allow":["GET"]}}],"collection":[{"href":"https:\/\/cm-comercioyrepresentaciones.com\/en\/wp-json\/wp\/v2\/pages"}],"about":[{"href":"https:\/\/cm-comercioyrepresentaciones.com\/en\/wp-json\/wp\/v2\/types\/page"}],"author":[{"embeddable":true,"href":"https:\/\/cm-comercioyrepresentaciones.com\/en\/wp-json\/wp\/v2\/users\/1"}],"replies":[{"embeddable":true,"href":"https:\/\/cm-comercioyrepresentaciones.com\/en\/wp-json\/wp\/v2\/comments?post=1387"}],"version-history":[{"count":3,"href":"https:\/\/cm-comercioyrepresentaciones.com\/en\/wp-json\/wp\/v2\/pages\/1387\/revisions"}],"predecessor-version":[{"id":1661,"href":"https:\/\/cm-comercioyrepresentaciones.com\/en\/wp-json\/wp\/v2\/pages\/1387\/revisions\/1661"}],"wp:attachment":[{"href":"https:\/\/cm-comercioyrepresentaciones.com\/en\/wp-json\/wp\/v2\/media?parent=1387"}],"curies":[{"name":"wp","href":"https:\/\/api.w.org\/{rel}","templated":true}]}}