{"id":1385,"date":"2021-05-11T22:06:17","date_gmt":"2021-05-11T22:06:17","guid":{"rendered":"https:\/\/cm-comercioyrepresentaciones.com\/?page_id=1385"},"modified":"2021-05-17T22:39:18","modified_gmt":"2021-05-17T22:39:18","slug":"granulos-exfoliantes-de-arroz","status":"publish","type":"page","link":"https:\/\/cm-comercioyrepresentaciones.com\/en\/granulos-exfoliantes-de-arroz\/","title":{"rendered":"Gr\u00e1nulos Exfoliantes de Arroz"},"content":{"rendered":"<div class=\"wp-block-image\"><figure class=\"aligncenter size-large is-resized\"><img loading=\"lazy\" decoding=\"async\" src=\"https:\/\/cm-comercioyrepresentaciones.com\/wp-content\/uploads\/2021\/05\/granulosdearroz-1024x683.jpg\" alt=\"\" class=\"wp-image-1386\" width=\"630\" height=\"420\" srcset=\"https:\/\/cm-comercioyrepresentaciones.com\/wp-content\/uploads\/2021\/05\/granulosdearroz-1024x683.jpg 1024w, https:\/\/cm-comercioyrepresentaciones.com\/wp-content\/uploads\/2021\/05\/granulosdearroz-300x200.jpg 300w, https:\/\/cm-comercioyrepresentaciones.com\/wp-content\/uploads\/2021\/05\/granulosdearroz-768x512.jpg 768w, https:\/\/cm-comercioyrepresentaciones.com\/wp-content\/uploads\/2021\/05\/granulosdearroz-1536x1024.jpg 1536w, https:\/\/cm-comercioyrepresentaciones.com\/wp-content\/uploads\/2021\/05\/granulosdearroz.jpg 1800w\" sizes=\"auto, (max-width: 630px) 100vw, 630px\" \/><\/figure><\/div>\n\n\n\n<h2 class=\"has-text-align-center has-vivid-cyan-blue-color has-text-color wp-block-heading\">Properties<\/h2>\n\n\n\n<ul id=\"block-144fa35c-b93b-4e5e-ab49-3c6e5fdd1b90\" class=\"has-vivid-cyan-blue-color has-text-color wp-block-list\"><li>Que Beneficios tiene el Exfoliante de Arroz Magiaroma<\/li><li>Combate el acn\u00e9<\/li><li>Alivia las quemaduras<\/li><li>Previene el envejecimiento prematuro<\/li><li>Aporta suavidad<\/li><\/ul>\n\n\n\n<h2 class=\"has-text-align-center has-vivid-cyan-blue-color has-text-color wp-block-heading\">Indicaciones<\/h2>\n\n\n\n<ul class=\"has-vivid-cyan-blue-color has-text-color wp-block-list\"><li>Despu\u00e9s de limpiar el rostro, humedezca los gr\u00e1nulos con agua y aplicar sobre rostro, cuello con movimientos circulares, dejar secar por un espacio de 5 minutos, enjuagar con agua fr\u00eda y secar. Se recomienda aplicar una crema humectante para tonificar mas tu rostro<\/li><li>Especialmente formulado para personas con cutis normal o graso. Ayuda a eliminar las c\u00e9lulas muertas, dejando un cutis terso y suave. se puede utilizar tambi\u00e9n como exfoliante corporal<\/li><li>Adem\u00e1s de ser un buen remedio para deshacerse de la piel muerta que se va acumulando en el cuerpo, Exfoliante de Arroz Magiaroma cuenta con otros beneficios gracias a su riqueza en nutrientes esenciales como vitaminas<\/li><\/ul>\n\n\n\n<div class=\"wp-block-image\"><figure class=\"aligncenter size-large is-resized\"><img loading=\"lazy\" decoding=\"async\" src=\"https:\/\/cm-comercioyrepresentaciones.com\/wp-content\/uploads\/2021\/05\/image-5.png\" alt=\"\" class=\"wp-image-1389\" width=\"545\" height=\"545\" srcset=\"https:\/\/cm-comercioyrepresentaciones.com\/wp-content\/uploads\/2021\/05\/image-5.png 612w, https:\/\/cm-comercioyrepresentaciones.com\/wp-content\/uploads\/2021\/05\/image-5-300x300.png 300w, https:\/\/cm-comercioyrepresentaciones.com\/wp-content\/uploads\/2021\/05\/image-5-150x150.png 150w\" sizes=\"auto, (max-width: 545px) 100vw, 545px\" \/><\/figure><\/div>\n\n\n\n<div class=\"wp-block-image\"><figure class=\"aligncenter size-large is-resized\"><img loading=\"lazy\" decoding=\"async\" src=\"https:\/\/cm-comercioyrepresentaciones.com\/wp-content\/uploads\/2021\/05\/image-6.png\" alt=\"\" class=\"wp-image-1390\" width=\"560\" height=\"558\" srcset=\"https:\/\/cm-comercioyrepresentaciones.com\/wp-content\/uploads\/2021\/05\/image-6.png 617w, https:\/\/cm-comercioyrepresentaciones.com\/wp-content\/uploads\/2021\/05\/image-6-300x300.png 300w, https:\/\/cm-comercioyrepresentaciones.com\/wp-content\/uploads\/2021\/05\/image-6-150x150.png 150w\" sizes=\"auto, (max-width: 560px) 100vw, 560px\" \/><\/figure><\/div>","protected":false},"excerpt":{"rendered":"<p>Propiedades Que Beneficios tiene el Exfoliante de Arroz Magiaroma Combate el acn\u00e9 Alivia las quemaduras Previene el envejecimiento prematuro Aporta suavidad Indicaciones Despu\u00e9s de limpiar el rostro, humedezca los gr\u00e1nulos con agua y aplicar sobre rostro, cuello con movimientos circulares, dejar secar por un espacio de 5 minutos, enjuagar con agua fr\u00eda y secar. Se [&hellip;]<\/p>","protected":false},"author":1,"featured_media":0,"parent":0,"menu_order":0,"comment_status":"closed","ping_status":"closed","template":"","meta":{"footnotes":""},"class_list":["post-1385","page","type-page","status-publish","hentry"],"_links":{"self":[{"href":"https:\/\/cm-comercioyrepresentaciones.com\/en\/wp-json\/wp\/v2\/pages\/1385","targetHints":{"allow":["GET"]}}],"collection":[{"href":"https:\/\/cm-comercioyrepresentaciones.com\/en\/wp-json\/wp\/v2\/pages"}],"about":[{"href":"https:\/\/cm-comercioyrepresentaciones.com\/en\/wp-json\/wp\/v2\/types\/page"}],"author":[{"embeddable":true,"href":"https:\/\/cm-comercioyrepresentaciones.com\/en\/wp-json\/wp\/v2\/users\/1"}],"replies":[{"embeddable":true,"href":"https:\/\/cm-comercioyrepresentaciones.com\/en\/wp-json\/wp\/v2\/comments?post=1385"}],"version-history":[{"count":2,"href":"https:\/\/cm-comercioyrepresentaciones.com\/en\/wp-json\/wp\/v2\/pages\/1385\/revisions"}],"predecessor-version":[{"id":1568,"href":"https:\/\/cm-comercioyrepresentaciones.com\/en\/wp-json\/wp\/v2\/pages\/1385\/revisions\/1568"}],"wp:attachment":[{"href":"https:\/\/cm-comercioyrepresentaciones.com\/en\/wp-json\/wp\/v2\/media?parent=1385"}],"curies":[{"name":"wp","href":"https:\/\/api.w.org\/{rel}","templated":true}]}}