{"id":1084,"date":"2021-04-24T00:19:59","date_gmt":"2021-04-24T00:19:59","guid":{"rendered":"https:\/\/cm-comercioyrepresentaciones.com\/?page_id=1084"},"modified":"2021-05-10T23:04:03","modified_gmt":"2021-05-10T23:04:03","slug":"te-rojo","status":"publish","type":"page","link":"https:\/\/cm-comercioyrepresentaciones.com\/en\/te-rojo\/","title":{"rendered":"Te Rojo"},"content":{"rendered":"<div class=\"wp-block-image\"><figure class=\"aligncenter size-large is-resized\"><img loading=\"lazy\" decoding=\"async\" src=\"https:\/\/cm-comercioyrepresentaciones.com\/wp-content\/uploads\/2021\/04\/imagen-35.png\" alt=\"\" class=\"wp-image-1085\" width=\"479\" height=\"477\" srcset=\"https:\/\/cm-comercioyrepresentaciones.com\/wp-content\/uploads\/2021\/04\/imagen-35.png 766w, https:\/\/cm-comercioyrepresentaciones.com\/wp-content\/uploads\/2021\/04\/imagen-35-300x300.png 300w, https:\/\/cm-comercioyrepresentaciones.com\/wp-content\/uploads\/2021\/04\/imagen-35-150x150.png 150w\" sizes=\"auto, (max-width: 479px) 100vw, 479px\" \/><\/figure><\/div>\n\n\n\n<h1 class=\"has-text-align-center has-vivid-cyan-blue-color has-text-color wp-block-heading\">Properties<\/h1>\n\n\n\n<ul class=\"has-vivid-cyan-blue-color has-text-color wp-block-list\"><li>Ayuda a evitar el mal  humor o  depresi\u00f3n<\/li><li>Utilizado como refuerzo del sistema inmunol\u00f3gico, reduce los niveles de az\u00facar en sangre y previene dolencias respiratorias<\/li><li>Aumenta el desarrollo mental, es perfecto para mejorar la concentraci\u00f3n y la adquisici\u00f3n de nuevos conocimientos<\/li><li>Facilita la digesti\u00f3n, reduce el colesterol y ayuda a alcanzar el peso deseado<\/li><li>Ayuda a prevenir la gota, lucha contra los altos niveles de \u00e1cido \u00farico, recomendado tambi\u00e9n contra las resacas<\/li><\/ul>\n\n\n\n<hr class=\"wp-block-separator\"\/>\n\n\n\n<h1 class=\"has-text-align-center has-vivid-cyan-blue-color has-text-color wp-block-heading\">Recipes<\/h1>\n\n\n\n<div class=\"wp-block-image\"><figure class=\"aligncenter size-large\"><img loading=\"lazy\" decoding=\"async\" width=\"604\" height=\"518\" src=\"https:\/\/cm-comercioyrepresentaciones.com\/wp-content\/uploads\/2021\/04\/imagen-36.png\" alt=\"\" class=\"wp-image-1086\" srcset=\"https:\/\/cm-comercioyrepresentaciones.com\/wp-content\/uploads\/2021\/04\/imagen-36.png 604w, https:\/\/cm-comercioyrepresentaciones.com\/wp-content\/uploads\/2021\/04\/imagen-36-300x257.png 300w\" sizes=\"auto, (max-width: 604px) 100vw, 604px\" \/><\/figure><\/div>\n\n\n\n<hr class=\"wp-block-separator\"\/>\n\n\n\n<div class=\"wp-block-image\"><figure class=\"aligncenter size-large\"><img loading=\"lazy\" decoding=\"async\" width=\"617\" height=\"516\" src=\"https:\/\/cm-comercioyrepresentaciones.com\/wp-content\/uploads\/2021\/04\/imagen-37.png\" alt=\"\" class=\"wp-image-1087\" srcset=\"https:\/\/cm-comercioyrepresentaciones.com\/wp-content\/uploads\/2021\/04\/imagen-37.png 617w, https:\/\/cm-comercioyrepresentaciones.com\/wp-content\/uploads\/2021\/04\/imagen-37-300x251.png 300w\" sizes=\"auto, (max-width: 617px) 100vw, 617px\" \/><\/figure><\/div>\n\n\n\n<hr class=\"wp-block-separator\"\/>\n\n\n\n<div class=\"wp-block-image\"><figure class=\"aligncenter size-large\"><img loading=\"lazy\" decoding=\"async\" width=\"613\" height=\"526\" src=\"https:\/\/cm-comercioyrepresentaciones.com\/wp-content\/uploads\/2021\/04\/imagen-38.png\" alt=\"\" class=\"wp-image-1088\" srcset=\"https:\/\/cm-comercioyrepresentaciones.com\/wp-content\/uploads\/2021\/04\/imagen-38.png 613w, https:\/\/cm-comercioyrepresentaciones.com\/wp-content\/uploads\/2021\/04\/imagen-38-300x257.png 300w\" sizes=\"auto, (max-width: 613px) 100vw, 613px\" \/><\/figure><\/div>\n\n\n\n<hr class=\"wp-block-separator\"\/>","protected":false},"excerpt":{"rendered":"<p>Propiedades Ayuda a evitar el mal humor o depresi\u00f3n Utilizado como refuerzo del sistema inmunol\u00f3gico, reduce los niveles de az\u00facar en sangre y previene dolencias respiratorias Aumenta el desarrollo mental, es perfecto para mejorar la concentraci\u00f3n y la adquisici\u00f3n de nuevos conocimientos Facilita la digesti\u00f3n, reduce el colesterol y ayuda a alcanzar el peso deseado [&hellip;]<\/p>","protected":false},"author":1,"featured_media":0,"parent":0,"menu_order":0,"comment_status":"closed","ping_status":"closed","template":"","meta":{"footnotes":""},"class_list":["post-1084","page","type-page","status-publish","hentry"],"_links":{"self":[{"href":"https:\/\/cm-comercioyrepresentaciones.com\/en\/wp-json\/wp\/v2\/pages\/1084","targetHints":{"allow":["GET"]}}],"collection":[{"href":"https:\/\/cm-comercioyrepresentaciones.com\/en\/wp-json\/wp\/v2\/pages"}],"about":[{"href":"https:\/\/cm-comercioyrepresentaciones.com\/en\/wp-json\/wp\/v2\/types\/page"}],"author":[{"embeddable":true,"href":"https:\/\/cm-comercioyrepresentaciones.com\/en\/wp-json\/wp\/v2\/users\/1"}],"replies":[{"embeddable":true,"href":"https:\/\/cm-comercioyrepresentaciones.com\/en\/wp-json\/wp\/v2\/comments?post=1084"}],"version-history":[{"count":4,"href":"https:\/\/cm-comercioyrepresentaciones.com\/en\/wp-json\/wp\/v2\/pages\/1084\/revisions"}],"predecessor-version":[{"id":1355,"href":"https:\/\/cm-comercioyrepresentaciones.com\/en\/wp-json\/wp\/v2\/pages\/1084\/revisions\/1355"}],"wp:attachment":[{"href":"https:\/\/cm-comercioyrepresentaciones.com\/en\/wp-json\/wp\/v2\/media?parent=1084"}],"curies":[{"name":"wp","href":"https:\/\/api.w.org\/{rel}","templated":true}]}}