{"id":1079,"date":"2021-04-24T00:06:50","date_gmt":"2021-04-24T00:06:50","guid":{"rendered":"https:\/\/cm-comercioyrepresentaciones.com\/?page_id=1079"},"modified":"2022-09-27T21:15:31","modified_gmt":"2022-09-27T21:15:31","slug":"te-verde","status":"publish","type":"page","link":"https:\/\/cm-comercioyrepresentaciones.com\/en\/te-verde\/","title":{"rendered":"Te Verde"},"content":{"rendered":"<div class=\"wp-block-image\">\n<figure class=\"aligncenter size-large is-resized\"><img loading=\"lazy\" decoding=\"async\" src=\"https:\/\/cm-comercioyrepresentaciones.com\/wp-content\/uploads\/2021\/04\/te-verde.jpg\" alt=\"\" class=\"wp-image-1080\" width=\"458\" height=\"459\" srcset=\"https:\/\/cm-comercioyrepresentaciones.com\/wp-content\/uploads\/2021\/04\/te-verde.jpg 763w, https:\/\/cm-comercioyrepresentaciones.com\/wp-content\/uploads\/2021\/04\/te-verde-300x300.jpg 300w, https:\/\/cm-comercioyrepresentaciones.com\/wp-content\/uploads\/2021\/04\/te-verde-150x150.jpg 150w\" sizes=\"auto, (max-width: 458px) 100vw, 458px\" \/><\/figure>\n<\/div>\n\n\n<h1 class=\"has-text-align-center has-vivid-cyan-blue-color has-text-color wp-block-heading\">Properties<\/h1>\n\n\n\n<ul class=\"has-vivid-cyan-blue-color has-text-color wp-block-list\"><li>Bueno para tratar el colesterol<\/li><li>Funci\u00f3n citoprotectora de las diferentes etapas de evoluci\u00f3n de un cancer<\/li><li>Estimula el sistema nervioso central, lo que nos ayuda a mantenernos despiertos y combatir la fatiga<\/li><li>Funciona bien para mejora la circulaci\u00f3n sanguinea y para el sistema digestivo, ya que hablamos de una infusi\u00f3n con propiedades diur\u00e9ticas<\/li><li>Producto antoxidante, lo que se debe a las sustancia conocidas como polifenoles y su aporte de vitaminas B y C<\/li><\/ul>","protected":false},"excerpt":{"rendered":"<p>Propiedades Bueno para tratar el colesterol Funci\u00f3n citoprotectora de las diferentes etapas de evoluci\u00f3n de un cancer Estimula el sistema nervioso central, lo que nos ayuda a mantenernos despiertos y combatir la fatiga Funciona bien para mejora la circulaci\u00f3n sanguinea y para el sistema digestivo, ya que hablamos de una infusi\u00f3n con propiedades diur\u00e9ticas Producto [&hellip;]<\/p>","protected":false},"author":1,"featured_media":0,"parent":0,"menu_order":0,"comment_status":"closed","ping_status":"closed","template":"","meta":{"footnotes":""},"class_list":["post-1079","page","type-page","status-publish","hentry"],"_links":{"self":[{"href":"https:\/\/cm-comercioyrepresentaciones.com\/en\/wp-json\/wp\/v2\/pages\/1079","targetHints":{"allow":["GET"]}}],"collection":[{"href":"https:\/\/cm-comercioyrepresentaciones.com\/en\/wp-json\/wp\/v2\/pages"}],"about":[{"href":"https:\/\/cm-comercioyrepresentaciones.com\/en\/wp-json\/wp\/v2\/types\/page"}],"author":[{"embeddable":true,"href":"https:\/\/cm-comercioyrepresentaciones.com\/en\/wp-json\/wp\/v2\/users\/1"}],"replies":[{"embeddable":true,"href":"https:\/\/cm-comercioyrepresentaciones.com\/en\/wp-json\/wp\/v2\/comments?post=1079"}],"version-history":[{"count":3,"href":"https:\/\/cm-comercioyrepresentaciones.com\/en\/wp-json\/wp\/v2\/pages\/1079\/revisions"}],"predecessor-version":[{"id":1966,"href":"https:\/\/cm-comercioyrepresentaciones.com\/en\/wp-json\/wp\/v2\/pages\/1079\/revisions\/1966"}],"wp:attachment":[{"href":"https:\/\/cm-comercioyrepresentaciones.com\/en\/wp-json\/wp\/v2\/media?parent=1079"}],"curies":[{"name":"wp","href":"https:\/\/api.w.org\/{rel}","templated":true}]}}