{"id":1070,"date":"2021-04-24T00:02:12","date_gmt":"2021-04-24T00:02:12","guid":{"rendered":"https:\/\/cm-comercioyrepresentaciones.com\/?page_id=1070"},"modified":"2021-05-10T22:31:02","modified_gmt":"2021-05-10T22:31:02","slug":"flor-de-jamaica","status":"publish","type":"page","link":"https:\/\/cm-comercioyrepresentaciones.com\/en\/flor-de-jamaica\/","title":{"rendered":"Flor de Jamaica"},"content":{"rendered":"<div class=\"wp-block-image\"><figure class=\"aligncenter size-large is-resized\"><img loading=\"lazy\" decoding=\"async\" src=\"https:\/\/cm-comercioyrepresentaciones.com\/wp-content\/uploads\/2021\/04\/jamaica.jpg\" alt=\"\" class=\"wp-image-1071\" width=\"502\" height=\"509\" srcset=\"https:\/\/cm-comercioyrepresentaciones.com\/wp-content\/uploads\/2021\/04\/jamaica.jpg 758w, https:\/\/cm-comercioyrepresentaciones.com\/wp-content\/uploads\/2021\/04\/jamaica-296x300.jpg 296w\" sizes=\"auto, (max-width: 502px) 100vw, 502px\" \/><\/figure><\/div>\n\n\n\n<h1 class=\"has-text-align-center has-vivid-cyan-blue-color has-text-color wp-block-heading\">Properties<\/h1>\n\n\n\n<ul class=\"has-vivid-cyan-blue-color has-text-color wp-block-list\"><li>Una de sus principales propiedades es ser diur\u00e9tica, es decir provoca orinar mas de lo normal, lo cual limpia el h\u00edgado y ri\u00f1ones<\/li><li>Ayuda a bajar los niveles de glucosa en la sangre de las personas que padecen diabetes<\/li><li>Contiene vitaminas A, C, B1 y E minerales como el calcio, hierro y fosforo, que ayuda a mantener la salud de los huesos y dientes.<\/li><li>Ayuda a reducir el colesterol nocivo y baja los triglic\u00e9ridos<\/li><\/ul>\n\n\n\n<hr class=\"wp-block-separator\"\/>\n\n\n\n<h1 class=\"has-text-align-center has-vivid-cyan-blue-color has-text-color wp-block-heading\">Recipes<\/h1>\n\n\n\n<div class=\"wp-block-image\"><figure class=\"aligncenter size-large\"><img loading=\"lazy\" decoding=\"async\" width=\"619\" height=\"496\" src=\"https:\/\/cm-comercioyrepresentaciones.com\/wp-content\/uploads\/2021\/04\/imagen-29.png\" alt=\"\" class=\"wp-image-1072\" srcset=\"https:\/\/cm-comercioyrepresentaciones.com\/wp-content\/uploads\/2021\/04\/imagen-29.png 619w, https:\/\/cm-comercioyrepresentaciones.com\/wp-content\/uploads\/2021\/04\/imagen-29-300x240.png 300w\" sizes=\"auto, (max-width: 619px) 100vw, 619px\" \/><\/figure><\/div>\n\n\n\n<hr class=\"wp-block-separator\"\/>\n\n\n\n<div class=\"wp-block-image\"><figure class=\"aligncenter size-large\"><img loading=\"lazy\" decoding=\"async\" width=\"613\" height=\"521\" src=\"https:\/\/cm-comercioyrepresentaciones.com\/wp-content\/uploads\/2021\/04\/imagen-30.png\" alt=\"\" class=\"wp-image-1073\" srcset=\"https:\/\/cm-comercioyrepresentaciones.com\/wp-content\/uploads\/2021\/04\/imagen-30.png 613w, https:\/\/cm-comercioyrepresentaciones.com\/wp-content\/uploads\/2021\/04\/imagen-30-300x255.png 300w\" sizes=\"auto, (max-width: 613px) 100vw, 613px\" \/><\/figure><\/div>\n\n\n\n<hr class=\"wp-block-separator\"\/>\n\n\n\n<div class=\"wp-block-image\"><figure class=\"aligncenter size-large\"><img loading=\"lazy\" decoding=\"async\" width=\"616\" height=\"527\" src=\"https:\/\/cm-comercioyrepresentaciones.com\/wp-content\/uploads\/2021\/04\/imagen-31.png\" alt=\"\" class=\"wp-image-1074\" srcset=\"https:\/\/cm-comercioyrepresentaciones.com\/wp-content\/uploads\/2021\/04\/imagen-31.png 616w, https:\/\/cm-comercioyrepresentaciones.com\/wp-content\/uploads\/2021\/04\/imagen-31-300x257.png 300w\" sizes=\"auto, (max-width: 616px) 100vw, 616px\" \/><\/figure><\/div>\n\n\n\n<hr class=\"wp-block-separator\"\/>\n\n\n\n<div class=\"wp-block-image\"><figure class=\"aligncenter size-large\"><img loading=\"lazy\" decoding=\"async\" width=\"615\" height=\"517\" src=\"https:\/\/cm-comercioyrepresentaciones.com\/wp-content\/uploads\/2021\/04\/imagen-32.png\" alt=\"\" class=\"wp-image-1075\" srcset=\"https:\/\/cm-comercioyrepresentaciones.com\/wp-content\/uploads\/2021\/04\/imagen-32.png 615w, https:\/\/cm-comercioyrepresentaciones.com\/wp-content\/uploads\/2021\/04\/imagen-32-300x252.png 300w\" sizes=\"auto, (max-width: 615px) 100vw, 615px\" \/><\/figure><\/div>\n\n\n\n<hr class=\"wp-block-separator\"\/>","protected":false},"excerpt":{"rendered":"<p>Propiedades Una de sus principales propiedades es ser diur\u00e9tica, es decir provoca orinar mas de lo normal, lo cual limpia el h\u00edgado y ri\u00f1ones Ayuda a bajar los niveles de glucosa en la sangre de las personas que padecen diabetes Contiene vitaminas A, C, B1 y E minerales como el calcio, hierro y fosforo, que [&hellip;]<\/p>","protected":false},"author":1,"featured_media":0,"parent":0,"menu_order":0,"comment_status":"closed","ping_status":"closed","template":"","meta":{"footnotes":""},"class_list":["post-1070","page","type-page","status-publish","hentry"],"_links":{"self":[{"href":"https:\/\/cm-comercioyrepresentaciones.com\/en\/wp-json\/wp\/v2\/pages\/1070","targetHints":{"allow":["GET"]}}],"collection":[{"href":"https:\/\/cm-comercioyrepresentaciones.com\/en\/wp-json\/wp\/v2\/pages"}],"about":[{"href":"https:\/\/cm-comercioyrepresentaciones.com\/en\/wp-json\/wp\/v2\/types\/page"}],"author":[{"embeddable":true,"href":"https:\/\/cm-comercioyrepresentaciones.com\/en\/wp-json\/wp\/v2\/users\/1"}],"replies":[{"embeddable":true,"href":"https:\/\/cm-comercioyrepresentaciones.com\/en\/wp-json\/wp\/v2\/comments?post=1070"}],"version-history":[{"count":3,"href":"https:\/\/cm-comercioyrepresentaciones.com\/en\/wp-json\/wp\/v2\/pages\/1070\/revisions"}],"predecessor-version":[{"id":1331,"href":"https:\/\/cm-comercioyrepresentaciones.com\/en\/wp-json\/wp\/v2\/pages\/1070\/revisions\/1331"}],"wp:attachment":[{"href":"https:\/\/cm-comercioyrepresentaciones.com\/en\/wp-json\/wp\/v2\/media?parent=1070"}],"curies":[{"name":"wp","href":"https:\/\/api.w.org\/{rel}","templated":true}]}}