{"id":1066,"date":"2021-04-23T23:53:22","date_gmt":"2021-04-23T23:53:22","guid":{"rendered":"https:\/\/cm-comercioyrepresentaciones.com\/?page_id=1066"},"modified":"2021-05-10T23:04:38","modified_gmt":"2021-05-10T23:04:38","slug":"te-verde-stevia","status":"publish","type":"page","link":"https:\/\/cm-comercioyrepresentaciones.com\/en\/te-verde-stevia\/","title":{"rendered":"Te Verde + Stevia"},"content":{"rendered":"<div class=\"wp-block-image\"><figure class=\"aligncenter size-large is-resized\"><img loading=\"lazy\" decoding=\"async\" src=\"https:\/\/cm-comercioyrepresentaciones.com\/wp-content\/uploads\/2021\/04\/imagen-27.png\" alt=\"\" class=\"wp-image-1067\" width=\"562\" height=\"562\" srcset=\"https:\/\/cm-comercioyrepresentaciones.com\/wp-content\/uploads\/2021\/04\/imagen-27.png 767w, https:\/\/cm-comercioyrepresentaciones.com\/wp-content\/uploads\/2021\/04\/imagen-27-300x300.png 300w, https:\/\/cm-comercioyrepresentaciones.com\/wp-content\/uploads\/2021\/04\/imagen-27-150x150.png 150w\" sizes=\"auto, (max-width: 562px) 100vw, 562px\" \/><\/figure><\/div>\n\n\n\n<h1 class=\"has-text-align-center has-vivid-cyan-blue-color has-text-color wp-block-heading\">Properties<\/h1>\n\n\n\n<hr class=\"wp-block-separator\"\/>\n\n\n\n<ul class=\"has-vivid-cyan-blue-color has-text-color wp-block-list\"><li>Ayuda a la absorci\u00f3n de grasa, agilita la digesti\u00f3n<\/li><li>Protege el coraz\u00f3n<\/li><li>Recomendado para diab\u00e9ticos<\/li><li>Ayuda a regular el colesterol \u00abmalo\u00bb<\/li><li>Regula el metabolismo (facilitador)<\/li><li>Ansiol\u00edtico (tranquilizante) anti estr\u00e9s es un energizante y antidepresivo<\/li><\/ul>\n\n\n\n<p><\/p>","protected":false},"excerpt":{"rendered":"<p>Propiedades Ayuda a la absorci\u00f3n de grasa, agilita la digesti\u00f3n Protege el coraz\u00f3n Recomendado para diab\u00e9ticos Ayuda a regular el colesterol \u00abmalo\u00bb Regula el metabolismo (facilitador) Ansiol\u00edtico (tranquilizante) anti estr\u00e9s es un energizante y antidepresivo<\/p>","protected":false},"author":1,"featured_media":0,"parent":0,"menu_order":0,"comment_status":"closed","ping_status":"closed","template":"","meta":{"footnotes":""},"class_list":["post-1066","page","type-page","status-publish","hentry"],"_links":{"self":[{"href":"https:\/\/cm-comercioyrepresentaciones.com\/en\/wp-json\/wp\/v2\/pages\/1066","targetHints":{"allow":["GET"]}}],"collection":[{"href":"https:\/\/cm-comercioyrepresentaciones.com\/en\/wp-json\/wp\/v2\/pages"}],"about":[{"href":"https:\/\/cm-comercioyrepresentaciones.com\/en\/wp-json\/wp\/v2\/types\/page"}],"author":[{"embeddable":true,"href":"https:\/\/cm-comercioyrepresentaciones.com\/en\/wp-json\/wp\/v2\/users\/1"}],"replies":[{"embeddable":true,"href":"https:\/\/cm-comercioyrepresentaciones.com\/en\/wp-json\/wp\/v2\/comments?post=1066"}],"version-history":[{"count":2,"href":"https:\/\/cm-comercioyrepresentaciones.com\/en\/wp-json\/wp\/v2\/pages\/1066\/revisions"}],"predecessor-version":[{"id":1356,"href":"https:\/\/cm-comercioyrepresentaciones.com\/en\/wp-json\/wp\/v2\/pages\/1066\/revisions\/1356"}],"wp:attachment":[{"href":"https:\/\/cm-comercioyrepresentaciones.com\/en\/wp-json\/wp\/v2\/media?parent=1066"}],"curies":[{"name":"wp","href":"https:\/\/api.w.org\/{rel}","templated":true}]}}