{"id":1052,"date":"2021-04-23T23:23:08","date_gmt":"2021-04-23T23:23:08","guid":{"rendered":"https:\/\/cm-comercioyrepresentaciones.com\/?page_id=1052"},"modified":"2021-05-10T23:05:22","modified_gmt":"2021-05-10T23:05:22","slug":"zarzaparilla","status":"publish","type":"page","link":"https:\/\/cm-comercioyrepresentaciones.com\/en\/zarzaparilla\/","title":{"rendered":"Zarzaparilla"},"content":{"rendered":"<div class=\"wp-block-image\"><figure class=\"aligncenter size-large is-resized\"><img loading=\"lazy\" decoding=\"async\" src=\"https:\/\/cm-comercioyrepresentaciones.com\/wp-content\/uploads\/2021\/04\/ZARZAPARILLA-1024x1024.png\" alt=\"\" class=\"wp-image-1054\" width=\"616\" height=\"616\" srcset=\"https:\/\/cm-comercioyrepresentaciones.com\/wp-content\/uploads\/2021\/04\/ZARZAPARILLA-1024x1024.png 1024w, https:\/\/cm-comercioyrepresentaciones.com\/wp-content\/uploads\/2021\/04\/ZARZAPARILLA-300x300.png 300w, https:\/\/cm-comercioyrepresentaciones.com\/wp-content\/uploads\/2021\/04\/ZARZAPARILLA-150x150.png 150w, https:\/\/cm-comercioyrepresentaciones.com\/wp-content\/uploads\/2021\/04\/ZARZAPARILLA-768x768.png 768w, https:\/\/cm-comercioyrepresentaciones.com\/wp-content\/uploads\/2021\/04\/ZARZAPARILLA-1536x1536.png 1536w, https:\/\/cm-comercioyrepresentaciones.com\/wp-content\/uploads\/2021\/04\/ZARZAPARILLA-2048x2048.png 2048w\" sizes=\"auto, (max-width: 616px) 100vw, 616px\" \/><\/figure><\/div>\n\n\n\n<h1 class=\"has-text-align-center has-vivid-cyan-blue-color has-text-color wp-block-heading\">Properties<\/h1>\n\n\n\n<ul class=\"has-vivid-cyan-blue-color has-text-color wp-block-list\"><li>Alivia los dolores reum\u00e1ticos y la gota<\/li><li>Mejor remedio depurativo para aliviar los problemas de la piel y las afecciones renales<\/li><li>Indicado para aumentar la emisi\u00f3n de orina y favorecer la eliminaci\u00f3n del exceso de \u00e1cido \u00farico<\/li><li>Combate las distintas impurezas de la piel, como el acn\u00e9, la aparici\u00f3n de eccemas o for\u00fanculos, urticarias y dermatosis<\/li><\/ul>\n\n\n\n<hr class=\"wp-block-separator\"\/>\n\n\n\n<h1 class=\"has-text-align-center has-vivid-cyan-blue-color has-text-color wp-block-heading\">Recipes<\/h1>\n\n\n\n<div class=\"wp-block-image\"><figure class=\"aligncenter size-large\"><img loading=\"lazy\" decoding=\"async\" width=\"599\" height=\"501\" src=\"https:\/\/cm-comercioyrepresentaciones.com\/wp-content\/uploads\/2021\/04\/imagen-22.png\" alt=\"\" class=\"wp-image-1056\" srcset=\"https:\/\/cm-comercioyrepresentaciones.com\/wp-content\/uploads\/2021\/04\/imagen-22.png 599w, https:\/\/cm-comercioyrepresentaciones.com\/wp-content\/uploads\/2021\/04\/imagen-22-300x251.png 300w\" sizes=\"auto, (max-width: 599px) 100vw, 599px\" \/><\/figure><\/div>\n\n\n\n<hr class=\"wp-block-separator\"\/>\n\n\n\n<div class=\"wp-block-image\"><figure class=\"aligncenter size-large\"><img loading=\"lazy\" decoding=\"async\" width=\"613\" height=\"501\" src=\"https:\/\/cm-comercioyrepresentaciones.com\/wp-content\/uploads\/2021\/04\/imagen-23.png\" alt=\"\" class=\"wp-image-1057\" srcset=\"https:\/\/cm-comercioyrepresentaciones.com\/wp-content\/uploads\/2021\/04\/imagen-23.png 613w, https:\/\/cm-comercioyrepresentaciones.com\/wp-content\/uploads\/2021\/04\/imagen-23-300x245.png 300w\" sizes=\"auto, (max-width: 613px) 100vw, 613px\" \/><\/figure><\/div>\n\n\n\n<hr class=\"wp-block-separator\"\/>\n\n\n\n<div class=\"wp-block-image\"><figure class=\"aligncenter size-large\"><img loading=\"lazy\" decoding=\"async\" width=\"613\" height=\"535\" src=\"https:\/\/cm-comercioyrepresentaciones.com\/wp-content\/uploads\/2021\/04\/imagen-24.png\" alt=\"\" class=\"wp-image-1058\" srcset=\"https:\/\/cm-comercioyrepresentaciones.com\/wp-content\/uploads\/2021\/04\/imagen-24.png 613w, https:\/\/cm-comercioyrepresentaciones.com\/wp-content\/uploads\/2021\/04\/imagen-24-300x262.png 300w\" sizes=\"auto, (max-width: 613px) 100vw, 613px\" \/><\/figure><\/div>","protected":false},"excerpt":{"rendered":"<p>Propiedades Alivia los dolores reum\u00e1ticos y la gota Mejor remedio depurativo para aliviar los problemas de la piel y las afecciones renales Indicado para aumentar la emisi\u00f3n de orina y favorecer la eliminaci\u00f3n del exceso de \u00e1cido \u00farico Combate las distintas impurezas de la piel, como el acn\u00e9, la aparici\u00f3n de eccemas o for\u00fanculos, urticarias [&hellip;]<\/p>","protected":false},"author":1,"featured_media":0,"parent":0,"menu_order":0,"comment_status":"closed","ping_status":"closed","template":"","meta":{"footnotes":""},"class_list":["post-1052","page","type-page","status-publish","hentry"],"_links":{"self":[{"href":"https:\/\/cm-comercioyrepresentaciones.com\/en\/wp-json\/wp\/v2\/pages\/1052","targetHints":{"allow":["GET"]}}],"collection":[{"href":"https:\/\/cm-comercioyrepresentaciones.com\/en\/wp-json\/wp\/v2\/pages"}],"about":[{"href":"https:\/\/cm-comercioyrepresentaciones.com\/en\/wp-json\/wp\/v2\/types\/page"}],"author":[{"embeddable":true,"href":"https:\/\/cm-comercioyrepresentaciones.com\/en\/wp-json\/wp\/v2\/users\/1"}],"replies":[{"embeddable":true,"href":"https:\/\/cm-comercioyrepresentaciones.com\/en\/wp-json\/wp\/v2\/comments?post=1052"}],"version-history":[{"count":3,"href":"https:\/\/cm-comercioyrepresentaciones.com\/en\/wp-json\/wp\/v2\/pages\/1052\/revisions"}],"predecessor-version":[{"id":1358,"href":"https:\/\/cm-comercioyrepresentaciones.com\/en\/wp-json\/wp\/v2\/pages\/1052\/revisions\/1358"}],"wp:attachment":[{"href":"https:\/\/cm-comercioyrepresentaciones.com\/en\/wp-json\/wp\/v2\/media?parent=1052"}],"curies":[{"name":"wp","href":"https:\/\/api.w.org\/{rel}","templated":true}]}}