{"id":1024,"date":"2021-04-23T22:55:13","date_gmt":"2021-04-23T22:55:13","guid":{"rendered":"https:\/\/cm-comercioyrepresentaciones.com\/?page_id=1024"},"modified":"2021-05-10T22:49:53","modified_gmt":"2021-05-10T22:49:53","slug":"paraguay","status":"publish","type":"page","link":"https:\/\/cm-comercioyrepresentaciones.com\/en\/paraguay\/","title":{"rendered":"Paraguay"},"content":{"rendered":"<div class=\"wp-block-image\"><figure class=\"aligncenter size-large is-resized\"><img loading=\"lazy\" decoding=\"async\" src=\"https:\/\/cm-comercioyrepresentaciones.com\/wp-content\/uploads\/2021\/04\/paraguay-1024x1024.png\" alt=\"\" class=\"wp-image-1025\" width=\"545\" height=\"545\" srcset=\"https:\/\/cm-comercioyrepresentaciones.com\/wp-content\/uploads\/2021\/04\/paraguay-1024x1024.png 1024w, https:\/\/cm-comercioyrepresentaciones.com\/wp-content\/uploads\/2021\/04\/paraguay-300x300.png 300w, https:\/\/cm-comercioyrepresentaciones.com\/wp-content\/uploads\/2021\/04\/paraguay-150x150.png 150w, https:\/\/cm-comercioyrepresentaciones.com\/wp-content\/uploads\/2021\/04\/paraguay-768x768.png 768w, https:\/\/cm-comercioyrepresentaciones.com\/wp-content\/uploads\/2021\/04\/paraguay-1536x1536.png 1536w, https:\/\/cm-comercioyrepresentaciones.com\/wp-content\/uploads\/2021\/04\/paraguay-2048x2048.png 2048w\" sizes=\"auto, (max-width: 545px) 100vw, 545px\" \/><\/figure><\/div>\n\n\n\n<h1 class=\"has-text-align-center has-vivid-cyan-blue-color has-text-color wp-block-heading\">Properties<\/h1>\n\n\n\n<ul class=\"has-vivid-cyan-blue-color has-text-color wp-block-list\"><li>Tratamiento natural para estimular la producci\u00f3n de leche materna<\/li><li>Realizar una infusi\u00f3n de 2 cucharadas soperas en 1 litro de agua o colada. Tomar durante todo el dia<\/li><li>Es recomendable repetir por 8 d\u00edas<\/li><li>Mantener la preparaci\u00f3n en un lugar fresco<\/li><li>No utilizar durante el embarazo<\/li><\/ul>\n\n\n\n<hr class=\"wp-block-separator\"\/>\n\n\n\n<h1 class=\"has-text-align-center has-vivid-cyan-blue-color has-text-color wp-block-heading\">Recipes<\/h1>\n\n\n\n<div class=\"wp-block-image\"><figure class=\"aligncenter size-large\"><img loading=\"lazy\" decoding=\"async\" width=\"608\" height=\"503\" src=\"https:\/\/cm-comercioyrepresentaciones.com\/wp-content\/uploads\/2021\/04\/imagen-10.png\" alt=\"\" class=\"wp-image-1028\" srcset=\"https:\/\/cm-comercioyrepresentaciones.com\/wp-content\/uploads\/2021\/04\/imagen-10.png 608w, https:\/\/cm-comercioyrepresentaciones.com\/wp-content\/uploads\/2021\/04\/imagen-10-300x248.png 300w\" sizes=\"auto, (max-width: 608px) 100vw, 608px\" \/><\/figure><\/div>","protected":false},"excerpt":{"rendered":"<p>Propiedades Tratamiento natural para estimular la producci\u00f3n de leche materna Realizar una infusi\u00f3n de 2 cucharadas soperas en 1 litro de agua o colada. Tomar durante todo el dia Es recomendable repetir por 8 d\u00edas Mantener la preparaci\u00f3n en un lugar fresco No utilizar durante el embarazo Recetas<\/p>","protected":false},"author":1,"featured_media":0,"parent":0,"menu_order":0,"comment_status":"closed","ping_status":"closed","template":"","meta":{"footnotes":""},"class_list":["post-1024","page","type-page","status-publish","hentry"],"_links":{"self":[{"href":"https:\/\/cm-comercioyrepresentaciones.com\/en\/wp-json\/wp\/v2\/pages\/1024","targetHints":{"allow":["GET"]}}],"collection":[{"href":"https:\/\/cm-comercioyrepresentaciones.com\/en\/wp-json\/wp\/v2\/pages"}],"about":[{"href":"https:\/\/cm-comercioyrepresentaciones.com\/en\/wp-json\/wp\/v2\/types\/page"}],"author":[{"embeddable":true,"href":"https:\/\/cm-comercioyrepresentaciones.com\/en\/wp-json\/wp\/v2\/users\/1"}],"replies":[{"embeddable":true,"href":"https:\/\/cm-comercioyrepresentaciones.com\/en\/wp-json\/wp\/v2\/comments?post=1024"}],"version-history":[{"count":4,"href":"https:\/\/cm-comercioyrepresentaciones.com\/en\/wp-json\/wp\/v2\/pages\/1024\/revisions"}],"predecessor-version":[{"id":1345,"href":"https:\/\/cm-comercioyrepresentaciones.com\/en\/wp-json\/wp\/v2\/pages\/1024\/revisions\/1345"}],"wp:attachment":[{"href":"https:\/\/cm-comercioyrepresentaciones.com\/en\/wp-json\/wp\/v2\/media?parent=1024"}],"curies":[{"name":"wp","href":"https:\/\/api.w.org\/{rel}","templated":true}]}}